{"id":103,"date":"2016-02-28T12:34:00","date_gmt":"2016-02-28T11:34:00","guid":{"rendered":"http:\/\/veroniquelamare.fr\/?page_id=103"},"modified":"2026-04-06T19:33:40","modified_gmt":"2026-04-06T18:33:40","slug":"cette-part-de-beaute","status":"publish","type":"page","link":"https:\/\/veroniquelamare.fr\/index.php\/cette-part-de-beaute\/","title":{"rendered":"cette part de beaut\u00e9 qui nous \u00e9chappe [arts &#038; sciences]"},"content":{"rendered":"<p><span style=\"color: #808000;\">[PROJET ARTS &amp; SCIENCES &#8211; <em>in progress<\/em>]<br \/><\/span><span style=\"color: #999999;\">\u2014\u2014\u2014\u2014\u2014\u2014\u2014\u2014<br \/><span style=\"color: #808000;\">2015 &#8211; 2018 \u00a0R\u00e9sidence \u00e0 l&rsquo;I2M-Tr\u00e8fle \/ IdEx Bordeaux<\/span><br \/><\/span><\/p>\n<p><img decoding=\"async\" loading=\"lazy\" class=\"alignnone wp-image-1759 size-large\" src=\"https:\/\/veroniquelamare.fr\/wp-content\/uploads\/2018\/10\/CettePart2Beaut\u00e9-d\u00e9pliantRecto-644x911.jpg\" alt=\"\" width=\"644\" height=\"911\" srcset=\"https:\/\/veroniquelamare.fr\/wp-content\/uploads\/2018\/10\/CettePart2Beaut\u00e9-d\u00e9pliantRecto-644x911.jpg 644w, https:\/\/veroniquelamare.fr\/wp-content\/uploads\/2018\/10\/CettePart2Beaut\u00e9-d\u00e9pliantRecto-212x300.jpg 212w, https:\/\/veroniquelamare.fr\/wp-content\/uploads\/2018\/10\/CettePart2Beaut\u00e9-d\u00e9pliantRecto-768x1086.jpg 768w, https:\/\/veroniquelamare.fr\/wp-content\/uploads\/2018\/10\/CettePart2Beaut\u00e9-d\u00e9pliantRecto.jpg 1200w\" sizes=\"(max-width: 644px) 100vw, 644px\" \/><\/p>\n<pre><a href=\"https:\/\/veroniquelamare.fr\/wp-content\/uploads\/2018\/10\/CettePart2Beaut\u00e9-d\u00e9pliantVerso.jpg\" target=\"_blank\" rel=\"noopener noreferrer\"><img decoding=\"async\" loading=\"lazy\" class=\"alignnone wp-image-1760 size-large\" src=\"https:\/\/veroniquelamare.fr\/wp-content\/uploads\/2018\/10\/CettePart2Beaut\u00e9-d\u00e9pliantVerso-644x911.jpg\" alt=\"\" width=\"644\" height=\"911\" srcset=\"https:\/\/veroniquelamare.fr\/wp-content\/uploads\/2018\/10\/CettePart2Beaut\u00e9-d\u00e9pliantVerso-644x911.jpg 644w, https:\/\/veroniquelamare.fr\/wp-content\/uploads\/2018\/10\/CettePart2Beaut\u00e9-d\u00e9pliantVerso-212x300.jpg 212w, https:\/\/veroniquelamare.fr\/wp-content\/uploads\/2018\/10\/CettePart2Beaut\u00e9-d\u00e9pliantVerso-768x1086.jpg 768w, https:\/\/veroniquelamare.fr\/wp-content\/uploads\/2018\/10\/CettePart2Beaut\u00e9-d\u00e9pliantVerso.jpg 1500w\" sizes=\"(max-width: 644px) 100vw, 644px\" \/><\/a>\n<span style=\"color: #999999;\">[publication\/poster recto-verso, format A2, par <span style=\"color: #808000;\"><a style=\"color: #808000;\" href=\"https:\/\/antecamara.tumblr.com\/\" target=\"_blank\" rel=\"noopener noreferrer\">Antichambre<\/a><\/span> studio design graphique]<\/span><\/pre>\n<p><span style=\"color: #333333;\">De juin \u00e0 novembre 2015, dans le cadre de FACTS (festival arts &amp; sciences), j&rsquo;ai \u00e9t\u00e9 accueillie en r\u00e9sidence<\/span>\u00a0<span style=\"color: #333333;\">\u00e0 l&rsquo;I2M-TR\u00c8FLE de Bordeaux (Institut de M\u00e9canique et d&rsquo;Ing\u00e9nierie, d\u00e9di\u00e9 \u00e0 la m\u00e9canique des fluides et des transferts \u00e9tudi\u00e9e via le rayonnement infrarouge). Ce premier temps de recherche en commun s&rsquo;est ax\u00e9 autour du contact,<\/span>\u00a0<span style=\"color: #333333;\">du toucher et du corps en mouvement, qui permettent de mettre en \u00e9vidence les notions d&rsquo;\u00e9missivit\u00e9 et d&rsquo;effusivit\u00e9.<br \/>Un second temps de r\u00e9sidence, de mars \u00e0 novembre 2017, est venu prolonger cette premi\u00e8re collaboration.<\/span><\/p>\n<p><span style=\"color: #333333;\">La lumi\u00e8re infrarouge, ou rayonnement infrarouge, constitue la partie du spectre<\/span>\u00a0<span style=\"color: #333333;\">lumineux que l&rsquo;\u0153il humain ne peut percevoir, d&rsquo;o\u00f9 sa qualification de lumi\u00e8re invisible.\u00a0Ce rayonnement est d\u00e9tectable et mesurable par la cam\u00e9ra thermique.<br \/>Les rayonnements thermiques d\u00e9tect\u00e9s par notre\u00a0peau laissent sur nous leurs empreintes invisibles. Nos corps chauds rayonnent\u00a0tout autant.<\/span>\u00a0<span style=\"color: #333333;\">Les formes qui apparaissent \u00e0 l&rsquo;image, via la cam\u00e9ra infrarouge, ne correspondent plus aux contours physiques d&rsquo;un corps humain ou d&rsquo;un objet tels que nous les connaissons mais sont fonction d&rsquo;autres crit\u00e8res : longueur d&rsquo;onde, \u00e9nergie thermique, persistance d&rsquo;une empreinte\u2026 \u00e9mis \u00e0 la fois par notre propre corps et les mat\u00e9riaux qui composent notre environnement.<br \/>La nature m\u00eame des images r\u00e9v\u00e9l\u00e9es par le rayonnement infrarouge vient re-questionner notre mode de perception du monde, leur lecture et leur compr\u00e9hension exigeant de nous d\u00e9faire de nos rep\u00e8res habituels.<br \/>Qu&rsquo;est-ce qui fait forme ? Quelle v\u00e9ritable part du r\u00e9el percevons-nous ?<br \/>Comment appr\u00e9hender ce d\u00e9tachement et ce que cela convoque d&rsquo;\u00e9tranget\u00e9 et de beaut\u00e9\u2026\u00a0<\/span><\/p>\n<p><iframe loading=\"lazy\" src=\"https:\/\/player.vimeo.com\/video\/296741668\" width=\"640\" height=\"480\" frameborder=\"0\" allowfullscreen=\"allowfullscreen\"><\/iframe><br \/><span style=\"color: #999999;\"><em>fly,<\/em>\u00a02015, vid\u00e9o-performance,\u00a05mn20<\/span><\/p>\n<p>Le choix du traitement d&rsquo;image \u00e0 travers la palette s\u00e9pia permet de rester au plus pr\u00e8s du visible en apportant un infime d\u00e9calage, ce qui rend l&rsquo;image d&rsquo;autant plus troublante. Cette partie du r\u00e9seau des fluides qui affleure \u00e0 la surface interne de notre enveloppe corporelle fait appara\u00eetre un autre sch\u00e9ma, qui n&rsquo;est pas sans \u00e9voquer les images d&rsquo;\u00e9corch\u00e9s ou autres cires anatomiques.<\/p>\n<p><iframe loading=\"lazy\" src=\"https:\/\/player.vimeo.com\/video\/296728878\" width=\"640\" height=\"480\" frameborder=\"0\" allowfullscreen=\"allowfullscreen\"><\/iframe><br \/><span style=\"color: #999999;\"><em>Suivant l&rsquo;obliquit\u00e9 de la terre,<\/em>\u00a02018, vid\u00e9o-performance,\u00a08mn<\/span><\/p>\n<p><img decoding=\"async\" loading=\"lazy\" class=\"alignnone wp-image-2844 size-large\" src=\"https:\/\/veroniquelamare.fr\/wp-content\/uploads\/2020\/06\/Sculp1poster-\u00a9VLamareI2M-Trefle2015-644x650.jpeg\" alt=\"\" width=\"644\" height=\"650\" srcset=\"https:\/\/veroniquelamare.fr\/wp-content\/uploads\/2020\/06\/Sculp1poster-\u00a9VLamareI2M-Trefle2015-644x650.jpeg 644w, https:\/\/veroniquelamare.fr\/wp-content\/uploads\/2020\/06\/Sculp1poster-\u00a9VLamareI2M-Trefle2015-150x150.jpeg 150w, https:\/\/veroniquelamare.fr\/wp-content\/uploads\/2020\/06\/Sculp1poster-\u00a9VLamareI2M-Trefle2015-297x300.jpeg 297w, https:\/\/veroniquelamare.fr\/wp-content\/uploads\/2020\/06\/Sculp1poster-\u00a9VLamareI2M-Trefle2015-768x776.jpeg 768w, https:\/\/veroniquelamare.fr\/wp-content\/uploads\/2020\/06\/Sculp1poster-\u00a9VLamareI2M-Trefle2015.jpeg 1500w\" sizes=\"(max-width: 644px) 100vw, 644px\" \/><\/p>\n<p><span style=\"color: #333333;\"><span style=\"color: #808000;\"><a style=\"color: #808000;\" href=\"http:\/\/facts2015.u-bordeaux.fr\/RESIDENCES\/Veronique-Lamare-transpose-l-invisible.html\" target=\"_blank\" rel=\"noopener noreferrer\">FACTS<\/a><\/span> festival arts et sciences<\/span><\/p>\n<pre><a href=\"https:\/\/veroniquelamare.fr\/wp-content\/uploads\/2020\/05\/FACTS-ExpoForumTalence2015\u00a9VL.png\" target=\"_blank\" rel=\"noopener noreferrer\"><img decoding=\"async\" loading=\"lazy\" class=\"alignnone wp-image-2763 size-large\" src=\"https:\/\/veroniquelamare.fr\/wp-content\/uploads\/2020\/05\/FACTS-ExpoForumTalence2015\u00a9VL-644x358.png\" alt=\"\" width=\"644\" height=\"358\" srcset=\"https:\/\/veroniquelamare.fr\/wp-content\/uploads\/2020\/05\/FACTS-ExpoForumTalence2015\u00a9VL-644x358.png 644w, https:\/\/veroniquelamare.fr\/wp-content\/uploads\/2020\/05\/FACTS-ExpoForumTalence2015\u00a9VL-300x167.png 300w, https:\/\/veroniquelamare.fr\/wp-content\/uploads\/2020\/05\/FACTS-ExpoForumTalence2015\u00a9VL-768x427.png 768w, https:\/\/veroniquelamare.fr\/wp-content\/uploads\/2020\/05\/FACTS-ExpoForumTalence2015\u00a9VL.png 1200w\" sizes=\"(max-width: 644px) 100vw, 644px\" \/><\/a>\n<span style=\"color: #999999;\">FACTS 2015 - <em>Cette part de beaut\u00e9 qui nous \u00e9chappe<\/em>, exposition au Forum des Arts, Talence\n\n<\/span><\/pre>\n<p><img decoding=\"async\" loading=\"lazy\" class=\"alignleft wp-image-2773 size-large\" src=\"https:\/\/veroniquelamare.fr\/wp-content\/uploads\/2020\/05\/Sculpt1-\u00a9VLamareI2MTrefle.2015-644x572.jpeg\" alt=\"\" width=\"644\" height=\"572\" srcset=\"https:\/\/veroniquelamare.fr\/wp-content\/uploads\/2020\/05\/Sculpt1-\u00a9VLamareI2MTrefle.2015-644x572.jpeg 644w, https:\/\/veroniquelamare.fr\/wp-content\/uploads\/2020\/05\/Sculpt1-\u00a9VLamareI2MTrefle.2015-300x267.jpeg 300w, https:\/\/veroniquelamare.fr\/wp-content\/uploads\/2020\/05\/Sculpt1-\u00a9VLamareI2MTrefle.2015-768x683.jpeg 768w, https:\/\/veroniquelamare.fr\/wp-content\/uploads\/2020\/05\/Sculpt1-\u00a9VLamareI2MTrefle.2015.jpeg 1105w\" sizes=\"(max-width: 644px) 100vw, 644px\" \/><\/p>\n<p><span style=\"color: #999999;\">impression 3D, 2015<\/span> <span style=\"color: #333333;\">Tentative de donner forme et conserver la trace du mouvement.<\/span><\/p>\n<pre><a href=\"https:\/\/veroniquelamare.fr\/wp-content\/uploads\/2020\/06\/EXPERIMENTA-expo\u00a9v.lamareI2M-Tr\u00e8fle.2016.png\" target=\"_blank\" rel=\"noopener noreferrer\"><img decoding=\"async\" loading=\"lazy\" class=\"alignnone wp-image-2822 size-large\" src=\"https:\/\/veroniquelamare.fr\/wp-content\/uploads\/2020\/06\/EXPERIMENTA-expo\u00a9v.lamareI2M-Tr\u00e8fle.2016-644x324.png\" alt=\"\" width=\"644\" height=\"324\" srcset=\"https:\/\/veroniquelamare.fr\/wp-content\/uploads\/2020\/06\/EXPERIMENTA-expo\u00a9v.lamareI2M-Tr\u00e8fle.2016-644x324.png 644w, https:\/\/veroniquelamare.fr\/wp-content\/uploads\/2020\/06\/EXPERIMENTA-expo\u00a9v.lamareI2M-Tr\u00e8fle.2016-300x151.png 300w, https:\/\/veroniquelamare.fr\/wp-content\/uploads\/2020\/06\/EXPERIMENTA-expo\u00a9v.lamareI2M-Tr\u00e8fle.2016-768x386.png 768w, https:\/\/veroniquelamare.fr\/wp-content\/uploads\/2020\/06\/EXPERIMENTA-expo\u00a9v.lamareI2M-Tr\u00e8fle.2016.png 1411w\" sizes=\"(max-width: 644px) 100vw, 644px\" \/><\/a><span style=\"color: #999999;\">Experimenta [salon arts sciences et technologies] - Grenoble, 2016<\/span><\/pre>\n<pre><a href=\"https:\/\/veroniquelamare.fr\/wp-content\/uploads\/2020\/06\/CettePart2Beaute-FASTE6-2018-\u00a9VLI2M.png\" target=\"_blank\" rel=\"noopener noreferrer\"><img decoding=\"async\" loading=\"lazy\" class=\"alignnone wp-image-2837 size-large\" src=\"https:\/\/veroniquelamare.fr\/wp-content\/uploads\/2020\/06\/CettePart2Beaute-FASTE6-2018-\u00a9VLI2M-644x121.png\" alt=\"\" width=\"644\" height=\"121\" srcset=\"https:\/\/veroniquelamare.fr\/wp-content\/uploads\/2020\/06\/CettePart2Beaute-FASTE6-2018-\u00a9VLI2M-644x121.png 644w, https:\/\/veroniquelamare.fr\/wp-content\/uploads\/2020\/06\/CettePart2Beaute-FASTE6-2018-\u00a9VLI2M-300x56.png 300w, https:\/\/veroniquelamare.fr\/wp-content\/uploads\/2020\/06\/CettePart2Beaute-FASTE6-2018-\u00a9VLI2M-768x144.png 768w, https:\/\/veroniquelamare.fr\/wp-content\/uploads\/2020\/06\/CettePart2Beaute-FASTE6-2018-\u00a9VLI2M.png 1012w\" sizes=\"(max-width: 644px) 100vw, 644px\" \/><\/a>\n<span style=\"color: #999999;\">FASTE 6 [forum arts sciences technologies et \u00e9ducation] - Creil, 2018<\/span><\/pre>\n<p><img decoding=\"async\" loading=\"lazy\" class=\"alignnone wp-image-633 size-medium\" src=\"https:\/\/veroniquelamare.fr\/wp-content\/uploads\/2016\/02\/ChimieShow-300x240.jpg\" alt=\"ChimieShow\" width=\"300\" height=\"240\" srcset=\"https:\/\/veroniquelamare.fr\/wp-content\/uploads\/2016\/02\/ChimieShow-300x240.jpg 300w, https:\/\/veroniquelamare.fr\/wp-content\/uploads\/2016\/02\/ChimieShow-768x614.jpg 768w, https:\/\/veroniquelamare.fr\/wp-content\/uploads\/2016\/02\/ChimieShow-644x515.jpg 644w, https:\/\/veroniquelamare.fr\/wp-content\/uploads\/2016\/02\/ChimieShow.jpg 800w\" sizes=\"(max-width: 300px) 100vw, 300px\" \/><\/p>\n\n\n<p><em>Cette part de beaut\u00e9 qui nous \u00e9chappe<\/em> a \u00e9t\u00e9 s\u00e9lectionn\u00e9 pour participer \u00e0 :<br><strong>Faste 6<\/strong> [forum arts sciences technologies et \u00e9ducation], Creil, 2018<br><strong>FACTS<\/strong> [festival arts et sciences], Bordeaux, 2017<br><strong>Organo<\/strong> [corps &amp; arts visuels], Bordeaux, 2017<br><strong>Week 26<\/strong>\u00a0, Talence, 2017<br><strong>Experimenta<\/strong> [salon arts sciences et technologies], Grenoble, 2016<br><strong>Nuit Europ\u00e9enne des Chercheurs<\/strong>, Bordeaux, 2016<br><strong>FACTS<\/strong> [festival arts et sciences], Talence, 2015<br><strong>Colloque Arts et Sciences<\/strong>, Capc mus\u00e9e, Bordeaux, 2015<br><strong>QIRT<\/strong> [12\u00e8me conf\u00e9rence internationale], Talence,2014<br><strong>Chimie Show<\/strong>, Cap Sciences, Bordeaux, 2011<\/p>\n\n\n\n<p>Ce projet a \u00e9t\u00e9 soutenu par l&rsquo;universit\u00e9 de Bordeaux, l&rsquo;IdEx (initiative d&rsquo;excellence universit\u00e9 de Bordeaux), le CNRS, l&rsquo;I2M.<\/p>\n","protected":false},"excerpt":{"rendered":"<p>[PROJET ARTS &amp; SCIENCES &#8211; in progress]\u2014\u2014\u2014\u2014\u2014\u2014\u2014\u20142015 &#8211; 2018 \u00a0R\u00e9sidence \u00e0 l&rsquo;I2M-Tr\u00e8fle \/ IdEx Bordeaux [publication\/poster recto-verso, format A2, par Antichambre studio design graphique] De juin \u00e0 novembre 2015, dans le cadre de FACTS (festival arts &amp; sciences), j&rsquo;ai \u00e9t\u00e9 accueillie en r\u00e9sidence\u00a0\u00e0 l&rsquo;I2M-TR\u00c8FLE de Bordeaux (Institut de M\u00e9canique et d&rsquo;Ing\u00e9nierie, d\u00e9di\u00e9 \u00e0 la m\u00e9canique &hellip; <a href=\"https:\/\/veroniquelamare.fr\/index.php\/cette-part-de-beaute\/\" class=\"more-link\">Continuer la lecture de <span class=\"screen-reader-text\">cette part de beaut\u00e9 qui nous \u00e9chappe [arts &#038; sciences]<\/span><\/a><\/p>\n","protected":false},"author":1,"featured_media":0,"parent":0,"menu_order":7,"comment_status":"closed","ping_status":"closed","template":"","meta":[],"_links":{"self":[{"href":"https:\/\/veroniquelamare.fr\/index.php\/wp-json\/wp\/v2\/pages\/103"}],"collection":[{"href":"https:\/\/veroniquelamare.fr\/index.php\/wp-json\/wp\/v2\/pages"}],"about":[{"href":"https:\/\/veroniquelamare.fr\/index.php\/wp-json\/wp\/v2\/types\/page"}],"author":[{"embeddable":true,"href":"https:\/\/veroniquelamare.fr\/index.php\/wp-json\/wp\/v2\/users\/1"}],"replies":[{"embeddable":true,"href":"https:\/\/veroniquelamare.fr\/index.php\/wp-json\/wp\/v2\/comments?post=103"}],"version-history":[{"count":145,"href":"https:\/\/veroniquelamare.fr\/index.php\/wp-json\/wp\/v2\/pages\/103\/revisions"}],"predecessor-version":[{"id":4077,"href":"https:\/\/veroniquelamare.fr\/index.php\/wp-json\/wp\/v2\/pages\/103\/revisions\/4077"}],"wp:attachment":[{"href":"https:\/\/veroniquelamare.fr\/index.php\/wp-json\/wp\/v2\/media?parent=103"}],"curies":[{"name":"wp","href":"https:\/\/api.w.org\/{rel}","templated":true}]}}