{"id":1787,"date":"2018-12-28T00:41:30","date_gmt":"2018-12-27T23:41:30","guid":{"rendered":"http:\/\/veroniquelamare.fr\/?page_id=1787"},"modified":"2026-03-25T19:03:15","modified_gmt":"2026-03-25T18:03:15","slug":"les-arpenteurs","status":"publish","type":"page","link":"https:\/\/veroniquelamare.fr\/index.php\/en-collaboration\/les-arpenteurs\/","title":{"rendered":"Les Arpenteurs"},"content":{"rendered":"<p><span style=\"color: #9d9d9d;\">2018<\/span><br \/>\n<span style=\"color: #333333;\"><span style=\"color: #9d9d9d;\"> \u2014\u2014\u2014\u2014\u2014\u2014\u2014\u2014<\/span><br \/>\nLes Arpenteurs, marche sonore<\/span><\/p>\n<p><img decoding=\"async\" loading=\"lazy\" class=\"wp-image-1708 size-large aligncenter\" src=\"https:\/\/veroniquelamare.fr\/wp-content\/uploads\/2018\/05\/LesArpenteurs2018\u00a9jpeg-644x427.jpg\" alt=\"\" width=\"644\" height=\"427\" srcset=\"https:\/\/veroniquelamare.fr\/wp-content\/uploads\/2018\/05\/LesArpenteurs2018\u00a9jpeg-644x427.jpg 644w, https:\/\/veroniquelamare.fr\/wp-content\/uploads\/2018\/05\/LesArpenteurs2018\u00a9jpeg-300x199.jpg 300w, https:\/\/veroniquelamare.fr\/wp-content\/uploads\/2018\/05\/LesArpenteurs2018\u00a9jpeg-768x509.jpg 768w, https:\/\/veroniquelamare.fr\/wp-content\/uploads\/2018\/05\/LesArpenteurs2018\u00a9jpeg.jpg 1206w\" sizes=\"(max-width: 644px) 100vw, 644px\" \/><\/p>\n<p>\u00ab\u00a0Dans le cadre du projet Culture et Sant\u00e9 2018, <a href=\"https:\/\/www.booksonthemove.fr\/\" target=\"_blank\" rel=\"noopener noreferrer\">Books on the Move<\/a> met en partage l&rsquo;espace hospitalier le temps d&rsquo;une \u00e9pop\u00e9e sonore, sensorielle, plastique, o\u00f9 convergent les v\u00e9cus des usagers de l&rsquo;Institut Bergoni\u00e9. Les Arpenteurs, c&rsquo;est eux, c&rsquo;est vous, c&rsquo;est nous, mis en mouvement par la voix du lieu.<br \/>\nCasque sur les oreilles, chacun se lance dans cette dr\u00f4le de marche pour \u00e9couter et regarder autrement l&rsquo;institut Bergoni\u00e9.\u00a0\u00bb<br \/>\nParcours sonore de 45 minutes.<br \/>\nProjet imagin\u00e9 par Books on the Move avec les artistes Laetitia Andrieu (com\u00e9dienne), V\u00e9ronique Lamare (artiste plasticienne), Karina Ketz (r\u00e9alisatrice son).<\/p>\n<div id='gallery-1' class='gallery galleryid-1787 gallery-columns-3 gallery-size-medium'><figure class='gallery-item'>\n\t\t\t<div class='gallery-icon landscape'>\n\t\t\t\t<img width=\"300\" height=\"200\" src=\"https:\/\/veroniquelamare.fr\/wp-content\/uploads\/2018\/12\/LesArpenteurs2018-LaMain02-300x200.jpg\" class=\"attachment-medium size-medium\" alt=\"\" decoding=\"async\" loading=\"lazy\" srcset=\"https:\/\/veroniquelamare.fr\/wp-content\/uploads\/2018\/12\/LesArpenteurs2018-LaMain02-300x200.jpg 300w, https:\/\/veroniquelamare.fr\/wp-content\/uploads\/2018\/12\/LesArpenteurs2018-LaMain02-768x512.jpg 768w, https:\/\/veroniquelamare.fr\/wp-content\/uploads\/2018\/12\/LesArpenteurs2018-LaMain02-644x429.jpg 644w, https:\/\/veroniquelamare.fr\/wp-content\/uploads\/2018\/12\/LesArpenteurs2018-LaMain02.jpg 1100w\" sizes=\"(max-width: 300px) 100vw, 300px\" \/>\n\t\t\t<\/div><\/figure><figure class='gallery-item'>\n\t\t\t<div class='gallery-icon landscape'>\n\t\t\t\t<img width=\"300\" height=\"200\" src=\"https:\/\/veroniquelamare.fr\/wp-content\/uploads\/2018\/12\/LesArpenteurs2018-LaMain03-300x200.jpg\" class=\"attachment-medium size-medium\" alt=\"\" decoding=\"async\" loading=\"lazy\" srcset=\"https:\/\/veroniquelamare.fr\/wp-content\/uploads\/2018\/12\/LesArpenteurs2018-LaMain03-300x200.jpg 300w, https:\/\/veroniquelamare.fr\/wp-content\/uploads\/2018\/12\/LesArpenteurs2018-LaMain03-768x512.jpg 768w, https:\/\/veroniquelamare.fr\/wp-content\/uploads\/2018\/12\/LesArpenteurs2018-LaMain03-644x429.jpg 644w, https:\/\/veroniquelamare.fr\/wp-content\/uploads\/2018\/12\/LesArpenteurs2018-LaMain03.jpg 1100w\" sizes=\"(max-width: 300px) 100vw, 300px\" \/>\n\t\t\t<\/div><\/figure><figure class='gallery-item'>\n\t\t\t<div class='gallery-icon landscape'>\n\t\t\t\t<img width=\"300\" height=\"200\" src=\"https:\/\/veroniquelamare.fr\/wp-content\/uploads\/2018\/12\/LesArpenteurs2018-LaMain04-300x200.jpg\" class=\"attachment-medium size-medium\" alt=\"\" decoding=\"async\" loading=\"lazy\" srcset=\"https:\/\/veroniquelamare.fr\/wp-content\/uploads\/2018\/12\/LesArpenteurs2018-LaMain04-300x200.jpg 300w, https:\/\/veroniquelamare.fr\/wp-content\/uploads\/2018\/12\/LesArpenteurs2018-LaMain04-768x512.jpg 768w, https:\/\/veroniquelamare.fr\/wp-content\/uploads\/2018\/12\/LesArpenteurs2018-LaMain04-644x429.jpg 644w, https:\/\/veroniquelamare.fr\/wp-content\/uploads\/2018\/12\/LesArpenteurs2018-LaMain04.jpg 1100w\" sizes=\"(max-width: 300px) 100vw, 300px\" \/>\n\t\t\t<\/div><\/figure><figure class='gallery-item'>\n\t\t\t<div class='gallery-icon landscape'>\n\t\t\t\t<img width=\"300\" height=\"200\" src=\"https:\/\/veroniquelamare.fr\/wp-content\/uploads\/2018\/12\/LesArpenteurs2018-LaMain05-300x200.jpg\" class=\"attachment-medium size-medium\" alt=\"\" decoding=\"async\" loading=\"lazy\" srcset=\"https:\/\/veroniquelamare.fr\/wp-content\/uploads\/2018\/12\/LesArpenteurs2018-LaMain05-300x200.jpg 300w, https:\/\/veroniquelamare.fr\/wp-content\/uploads\/2018\/12\/LesArpenteurs2018-LaMain05-768x512.jpg 768w, https:\/\/veroniquelamare.fr\/wp-content\/uploads\/2018\/12\/LesArpenteurs2018-LaMain05-644x429.jpg 644w, https:\/\/veroniquelamare.fr\/wp-content\/uploads\/2018\/12\/LesArpenteurs2018-LaMain05.jpg 1100w\" sizes=\"(max-width: 300px) 100vw, 300px\" \/>\n\t\t\t<\/div><\/figure><figure class='gallery-item'>\n\t\t\t<div class='gallery-icon landscape'>\n\t\t\t\t<img width=\"300\" height=\"200\" src=\"https:\/\/veroniquelamare.fr\/wp-content\/uploads\/2018\/12\/LesArpenteurs2018-LaMain06-300x200.jpg\" class=\"attachment-medium size-medium\" alt=\"\" decoding=\"async\" loading=\"lazy\" srcset=\"https:\/\/veroniquelamare.fr\/wp-content\/uploads\/2018\/12\/LesArpenteurs2018-LaMain06-300x200.jpg 300w, https:\/\/veroniquelamare.fr\/wp-content\/uploads\/2018\/12\/LesArpenteurs2018-LaMain06-768x512.jpg 768w, https:\/\/veroniquelamare.fr\/wp-content\/uploads\/2018\/12\/LesArpenteurs2018-LaMain06-644x429.jpg 644w, https:\/\/veroniquelamare.fr\/wp-content\/uploads\/2018\/12\/LesArpenteurs2018-LaMain06.jpg 1100w\" sizes=\"(max-width: 300px) 100vw, 300px\" \/>\n\t\t\t<\/div><\/figure><figure class='gallery-item'>\n\t\t\t<div class='gallery-icon landscape'>\n\t\t\t\t<img width=\"300\" height=\"200\" src=\"https:\/\/veroniquelamare.fr\/wp-content\/uploads\/2018\/12\/LesArpenteurs2018-LaMain07-300x200.jpg\" class=\"attachment-medium size-medium\" alt=\"\" decoding=\"async\" loading=\"lazy\" srcset=\"https:\/\/veroniquelamare.fr\/wp-content\/uploads\/2018\/12\/LesArpenteurs2018-LaMain07-300x200.jpg 300w, https:\/\/veroniquelamare.fr\/wp-content\/uploads\/2018\/12\/LesArpenteurs2018-LaMain07-768x512.jpg 768w, https:\/\/veroniquelamare.fr\/wp-content\/uploads\/2018\/12\/LesArpenteurs2018-LaMain07-644x429.jpg 644w, https:\/\/veroniquelamare.fr\/wp-content\/uploads\/2018\/12\/LesArpenteurs2018-LaMain07.jpg 1100w\" sizes=\"(max-width: 300px) 100vw, 300px\" \/>\n\t\t\t<\/div><\/figure>\n\t\t<\/div>\n\n<p><img decoding=\"async\" loading=\"lazy\" class=\"wp-image-2220 alignleft\" src=\"https:\/\/veroniquelamare.fr\/wp-content\/uploads\/2020\/03\/EmpreinteMainBergo\u00a9-644x429.jpg\" alt=\"\" width=\"621\" height=\"414\" srcset=\"https:\/\/veroniquelamare.fr\/wp-content\/uploads\/2020\/03\/EmpreinteMainBergo\u00a9-644x429.jpg 644w, https:\/\/veroniquelamare.fr\/wp-content\/uploads\/2020\/03\/EmpreinteMainBergo\u00a9-300x200.jpg 300w, https:\/\/veroniquelamare.fr\/wp-content\/uploads\/2020\/03\/EmpreinteMainBergo\u00a9-768x512.jpg 768w, https:\/\/veroniquelamare.fr\/wp-content\/uploads\/2020\/03\/EmpreinteMainBergo\u00a9.jpg 2000w\" sizes=\"(max-width: 621px) 100vw, 621px\" \/><\/p>\n<p><img decoding=\"async\" loading=\"lazy\" class=\"wp-image-1707 size-full alignleft\" src=\"https:\/\/veroniquelamare.fr\/wp-content\/uploads\/2018\/05\/invitation-arpenteurs.jpg\" alt=\"\" width=\"1500\" height=\"1077\" srcset=\"https:\/\/veroniquelamare.fr\/wp-content\/uploads\/2018\/05\/invitation-arpenteurs.jpg 1500w, https:\/\/veroniquelamare.fr\/wp-content\/uploads\/2018\/05\/invitation-arpenteurs-300x215.jpg 300w, https:\/\/veroniquelamare.fr\/wp-content\/uploads\/2018\/05\/invitation-arpenteurs-768x551.jpg 768w, https:\/\/veroniquelamare.fr\/wp-content\/uploads\/2018\/05\/invitation-arpenteurs-644x462.jpg 644w\" sizes=\"(max-width: 1500px) 100vw, 1500px\" \/><\/p>\n","protected":false},"excerpt":{"rendered":"<p>2018 \u2014\u2014\u2014\u2014\u2014\u2014\u2014\u2014 Les Arpenteurs, marche sonore \u00ab\u00a0Dans le cadre du projet Culture et Sant\u00e9 2018, Books on the Move met en partage l&rsquo;espace hospitalier le temps d&rsquo;une \u00e9pop\u00e9e sonore, sensorielle, plastique, o\u00f9 convergent les v\u00e9cus des usagers de l&rsquo;Institut Bergoni\u00e9. Les Arpenteurs, c&rsquo;est eux, c&rsquo;est vous, c&rsquo;est nous, mis en mouvement par la voix du &hellip; <a href=\"https:\/\/veroniquelamare.fr\/index.php\/en-collaboration\/les-arpenteurs\/\" class=\"more-link\">Continuer la lecture de <span class=\"screen-reader-text\">Les Arpenteurs<\/span><\/a><\/p>\n","protected":false},"author":1,"featured_media":0,"parent":1780,"menu_order":4,"comment_status":"closed","ping_status":"closed","template":"","meta":[],"_links":{"self":[{"href":"https:\/\/veroniquelamare.fr\/index.php\/wp-json\/wp\/v2\/pages\/1787"}],"collection":[{"href":"https:\/\/veroniquelamare.fr\/index.php\/wp-json\/wp\/v2\/pages"}],"about":[{"href":"https:\/\/veroniquelamare.fr\/index.php\/wp-json\/wp\/v2\/types\/page"}],"author":[{"embeddable":true,"href":"https:\/\/veroniquelamare.fr\/index.php\/wp-json\/wp\/v2\/users\/1"}],"replies":[{"embeddable":true,"href":"https:\/\/veroniquelamare.fr\/index.php\/wp-json\/wp\/v2\/comments?post=1787"}],"version-history":[{"count":33,"href":"https:\/\/veroniquelamare.fr\/index.php\/wp-json\/wp\/v2\/pages\/1787\/revisions"}],"predecessor-version":[{"id":4048,"href":"https:\/\/veroniquelamare.fr\/index.php\/wp-json\/wp\/v2\/pages\/1787\/revisions\/4048"}],"up":[{"embeddable":true,"href":"https:\/\/veroniquelamare.fr\/index.php\/wp-json\/wp\/v2\/pages\/1780"}],"wp:attachment":[{"href":"https:\/\/veroniquelamare.fr\/index.php\/wp-json\/wp\/v2\/media?parent=1787"}],"curies":[{"name":"wp","href":"https:\/\/api.w.org\/{rel}","templated":true}]}}