{"id":1897,"date":"2019-03-30T22:39:31","date_gmt":"2019-03-30T21:39:31","guid":{"rendered":"http:\/\/veroniquelamare.fr\/?page_id=1897"},"modified":"2026-03-18T22:39:38","modified_gmt":"2026-03-18T21:39:38","slug":"bardo","status":"publish","type":"page","link":"https:\/\/veroniquelamare.fr\/index.php\/en-collaboration\/bardo\/","title":{"rendered":"Bardo 1 &#038; 2"},"content":{"rendered":"\n<p class=\"has-blue-gray-color has-text-color\">____________________ <\/p>\n\n\n\n<p class=\"has-small-font-size\">Projet artistique sur le territoire du Lot-et-Garonne, initi\u00e9 par C\u00e9line Domengie (artiste), V\u00e9ronique Lamare (artiste) et \u00c9lise Girardot (critique d&rsquo;art et commissaire d&rsquo;exposition).<\/p>\n\n\n\n<p class=\"has-cyan-bluish-gray-color has-text-color has-small-font-size\">\u00ab\u00a0Chaque \u00e9tape de l&rsquo;exp\u00e9rience, chaque \u00e9tape de la vie, est exp\u00e9rience du bardo. Que veut dire le mot tib\u00e9tain <em>bardo<\/em> ? <em>Bar<\/em> signifie \u00ab\u00a0entre\u00a0\u00bb ou, disons, \u00ab\u00a0zone mal d\u00e9finie\u00a0\u00bb, et <em>do<\/em> c&rsquo;est comme une tour ou une \u00eele dans cette zone, ce no man&rsquo;s land. C&rsquo;est un peu comme une rivi\u00e8re qui n&rsquo;appartient \u00e0 aucune rive, mais il y a une petite \u00eele au milieu, entre les deux rives. Autrement dit, c&rsquo;est l&rsquo;exp\u00e9rience du maintenant, l&rsquo;exp\u00e9rience imm\u00e9diate &#8211; l\u00e0 o\u00f9 nous en sommes. C&rsquo;est \u00e7a l&rsquo;id\u00e9e de base du bardo.\u00a0\u00bb<br>Ch\u00f6gyam Trungpa (1939 -1987)<\/p>\n\n\n\n<p class=\"has-small-font-size\">Ce projet repose sur un travail artistique d&rsquo;exp\u00e9rimentation de l&rsquo;entre-deux.<br>L&rsquo;entre-deux des villes, en mouvement, en transformation au gr\u00e8s du flux de la vie et \u00e0 l&rsquo;image des rivi\u00e8res par lesquelles elles sont travers\u00e9es. Mais aussi l&rsquo;entre-deux de la pratique artistique en train de se faire.<br>En travaillant \u00e0 partir de la sp\u00e9cificit\u00e9 de ces environnements, de la m\u00e9moire qu&rsquo;ils portent, et de leur devenir, <em>Bardo<\/em> interroge l&rsquo;\u00e9volution du contexte urbain et de son patrimoine naturel et b\u00e2ti. Dans ce cadre, le travail de cr\u00e9ation mobilise diff\u00e9rentes formes artistiques : exp\u00e9riences performatives, gestes artistiques, photographies, vid\u00e9os, enqu\u00eates sur les usages de lieux, leur histoire, etc.<\/p>\n\n\n\n<p class=\"has-small-font-size\">___________________________<br><strong>Bardo [volet 1]<\/strong><br><em>D\u00e9ambulation artistique sur le Lot<\/em> &#8211; 14.07.2019 <\/p>\n\n\n\n<figure class=\"wp-block-embed is-type-rich is-provider-prise-en-charge-des-contenus-embarques wp-block-embed-prise-en-charge-des-contenus-embarques wp-embed-aspect-16-9 wp-has-aspect-ratio\"><div class=\"wp-block-embed__wrapper\">\n<iframe loading=\"lazy\" title=\"Bardo, d\u00e9ambulation artistique - 14.07.2019 - C\u00e9line Domengie, Elise Girardot, V\u00e9ronique Lamare\" width=\"660\" height=\"371\" src=\"https:\/\/www.youtube.com\/embed\/wPDodt_rgJI?feature=oembed\" frameborder=\"0\" allow=\"accelerometer; autoplay; clipboard-write; encrypted-media; gyroscope; picture-in-picture; web-share\" referrerpolicy=\"strict-origin-when-cross-origin\" allowfullscreen><\/iframe>\n<\/div><\/figure>\n\n\n\n<p class=\"has-small-font-size\" id=\"block-b02f27da-5400-4933-9886-3a7060396075\">Que sugg\u00e8rent les pratiques de la rivi\u00e8re, celles d&rsquo;hier comme celles d&rsquo;aujourd&rsquo;hui ? Ici et l\u00e0, nous avons chemin\u00e9 le long des berges, nous avons navigu\u00e9, contempl\u00e9 les rives et l&rsquo;eau trouble du Lot en multipliant les points de vue et les angles d&rsquo;approche. Au cours de ces p\u00e9r\u00e9grinations, nous avons parfois emprunt\u00e9 des voies sans issues tandis que d&rsquo;autres nous ont ouvert de nouvelles portes. Autant d&rsquo;indices r\u00e9colt\u00e9s qui nous ont men\u00e9es, pas \u00e0 pas, au 14 juillet 2019 et dont l&rsquo;exposition \u00e0 la Maison pour tous de Casseneuil a constitu\u00e9 la derni\u00e8re \u00e9tape d&rsquo;une d\u00e9ambulation sur l&rsquo;eau.<\/p>\n\n\n\n<figure class=\"wp-block-image is-resized\"><img decoding=\"async\" loading=\"lazy\" src=\"https:\/\/veroniquelamare.fr\/wp-content\/uploads\/2020\/01\/BARDOpubli2020-644x483.jpeg\" alt=\"\" class=\"wp-image-2054\" width=\"644\" height=\"483\" srcset=\"https:\/\/veroniquelamare.fr\/wp-content\/uploads\/2020\/01\/BARDOpubli2020-644x483.jpeg 644w, https:\/\/veroniquelamare.fr\/wp-content\/uploads\/2020\/01\/BARDOpubli2020-300x225.jpeg 300w, https:\/\/veroniquelamare.fr\/wp-content\/uploads\/2020\/01\/BARDOpubli2020-768x576.jpeg 768w, https:\/\/veroniquelamare.fr\/wp-content\/uploads\/2020\/01\/BARDOpubli2020.jpeg 1200w\" sizes=\"(max-width: 644px) 100vw, 644px\" \/><\/figure>\n\n\n\n<p style=\"font-size:11px\">cartographie artistique d&rsquo;un fragment de la rivi\u00e8re Lot &#8211; 2019 \/ design graphique : Antichambre<\/p>\n\n\n\n<p class=\"has-small-font-size\"><a rel=\"noreferrer noopener\" aria-label=\"bardo_art_project \/ instagram (s\u2019ouvre dans un nouvel onglet)\" href=\"https:\/\/www.instagram.com\/bardo_art_project\/\" target=\"_blank\">bardo_art_project \/ instagram<\/a><\/p>\n\n\n\n<p class=\"has-small-font-size\">___________________________<br><strong>Bardo [volet 2]<\/strong><br> <mark style=\"background-color:rgba(0, 0, 0, 0);color:#8e8c0a\" class=\"has-inline-color\"><\/mark><br>En 2020 les artistes, C. Domengie et V. Lamare, poursuivent ces recherches et exp\u00e9rimentations en concentrant leur travail sur le Lot comme milieu embl\u00e9matique de l&rsquo;impermanence. \u00c0 partir des usages de la rivi\u00e8re, elles proposent d&rsquo;envisager diff\u00e9rentes pratiques.<br>Leurs propositions performatives et gestes artistiques ont accompagn\u00e9  le smavlot 47 tout au long de la journ\u00e9e du Big Jump*, qui dans les conditions particuli\u00e8res de cette ann\u00e9e 2020 s&rsquo;est d\u00e9roul\u00e9 en comit\u00e9 restreint.<br><\/p>\n\n\n\n<iframe loading=\"lazy\" width=\"560\" height=\"315\" src=\"https:\/\/www.youtube.com\/embed\/A9tKQRGxzXc\" frameborder=\"0\" allow=\"accelerometer; autoplay; encrypted-media; gyroscope; picture-in-picture\" allowfullscreen=\"\"><\/iframe>\n\n\n\n<iframe loading=\"lazy\" width=\"560\" height=\"315\" src=\"https:\/\/www.youtube.com\/embed\/bPEljm_5K3s\" frameborder=\"0\" allow=\"accelerometer; autoplay; encrypted-media; gyroscope; picture-in-picture\" allowfullscreen=\"\"><\/iframe>\n\n\n\n\n\n\n\n\n\n\n\n\n\n\n\n\n\n\n\n\n\n<iframe loading=\"lazy\" width=\"85%\" height=\"280\" scrolling=\"no\" frameborder=\"no\" allow=\"autoplay\" src=\"https:\/\/w.soundcloud.com\/player\/?url=https%3A\/\/api.soundcloud.com\/playlists\/1090041658&amp;color=%23ff5500&amp;auto_play=false&amp;hide_related=false&amp;show_comments=true&amp;show_user=true&amp;show_reposts=false&amp;show_teaser=true&amp;visual=true\"><\/iframe><div style=\"font-size: 10px; color: #cccccc;line-break: anywhere;word-break: normal;overflow: hidden;white-space: nowrap;text-overflow: ellipsis; font-family: Interstate,Lucida Grande,Lucida Sans Unicode,Lucida Sans,Garuda,Verdana,Tahoma,sans-serif;font-weight: 100;\"><a href=\"https:\/\/soundcloud.com\/pascal-semur\" title=\"\u2014\" target=\"_blank\" style=\"color: #cccccc; text-decoration: none;\" rel=\"noopener noreferrer\">\u2014<\/a> \u00b7 <a href=\"https:\/\/soundcloud.com\/pascal-semur\/sets\/\nentretien-roberto-epple-par-celine-domengie\" title=\"Entretien Roberto Epple par C\u00e9line Domengie\" target=\"_blank\" style=\"color: #cccccc; text-decoration: none;\" rel=\"noopener noreferrer\">Entretien Roberto Epple par C\u00e9line Domengie<\/a><\/div>\n\n\n\n<div class=\"wp-block-group is-layout-flow\"><div class=\"wp-block-group__inner-container\">\n<div class=\"wp-block-group is-layout-flow\"><div class=\"wp-block-group__inner-container\"><\/div><\/div>\n<\/div><\/div>\n\n\n\n<p><\/p>\n\n\n\n<p class=\"has-small-font-size\">*<em>Big Jump for the rivers<\/em> a \u00e9t\u00e9 fond\u00e9 en 2002 par Roberto EPPLE, d\u00e9fenseur des rivi\u00e8res sauvages et de l&rsquo;id\u00e9e de sauvagitude. Le Big Jump est un acte militant, \u00e0 l&rsquo;\u00e9chelle europ\u00e9enne, pour la pr\u00e9servation et la gestion durable des fleuves, des rivi\u00e8res et de leurs \u00e9cosyst\u00e8mes.<\/p>\n\n\n\n<p style=\"font-size:11px\">___________________________<br>merci \u00e0 Avril Cantin et Pierre Fougeyrollas du SMAVLOT47<\/p>\n\n\n\n<p><\/p>\n","protected":false},"excerpt":{"rendered":"<p>____________________ Projet artistique sur le territoire du Lot-et-Garonne, initi\u00e9 par C\u00e9line Domengie (artiste), V\u00e9ronique Lamare (artiste) et \u00c9lise Girardot (critique d&rsquo;art et commissaire d&rsquo;exposition). \u00ab\u00a0Chaque \u00e9tape de l&rsquo;exp\u00e9rience, chaque \u00e9tape de la vie, est exp\u00e9rience du bardo. Que veut dire le mot tib\u00e9tain bardo ? Bar signifie \u00ab\u00a0entre\u00a0\u00bb ou, disons, \u00ab\u00a0zone mal d\u00e9finie\u00a0\u00bb, et do &hellip; <a href=\"https:\/\/veroniquelamare.fr\/index.php\/en-collaboration\/bardo\/\" class=\"more-link\">Continuer la lecture de <span class=\"screen-reader-text\">Bardo 1 &#038; 2<\/span><\/a><\/p>\n","protected":false},"author":1,"featured_media":0,"parent":1780,"menu_order":2,"comment_status":"closed","ping_status":"closed","template":"","meta":[],"_links":{"self":[{"href":"https:\/\/veroniquelamare.fr\/index.php\/wp-json\/wp\/v2\/pages\/1897"}],"collection":[{"href":"https:\/\/veroniquelamare.fr\/index.php\/wp-json\/wp\/v2\/pages"}],"about":[{"href":"https:\/\/veroniquelamare.fr\/index.php\/wp-json\/wp\/v2\/types\/page"}],"author":[{"embeddable":true,"href":"https:\/\/veroniquelamare.fr\/index.php\/wp-json\/wp\/v2\/users\/1"}],"replies":[{"embeddable":true,"href":"https:\/\/veroniquelamare.fr\/index.php\/wp-json\/wp\/v2\/comments?post=1897"}],"version-history":[{"count":87,"href":"https:\/\/veroniquelamare.fr\/index.php\/wp-json\/wp\/v2\/pages\/1897\/revisions"}],"predecessor-version":[{"id":4002,"href":"https:\/\/veroniquelamare.fr\/index.php\/wp-json\/wp\/v2\/pages\/1897\/revisions\/4002"}],"up":[{"embeddable":true,"href":"https:\/\/veroniquelamare.fr\/index.php\/wp-json\/wp\/v2\/pages\/1780"}],"wp:attachment":[{"href":"https:\/\/veroniquelamare.fr\/index.php\/wp-json\/wp\/v2\/media?parent=1897"}],"curies":[{"name":"wp","href":"https:\/\/api.w.org\/{rel}","templated":true}]}}