{"id":285,"date":"2016-03-01T14:37:00","date_gmt":"2016-03-01T13:37:00","guid":{"rendered":"http:\/\/veroniquelamare.fr\/?page_id=285"},"modified":"2026-03-30T20:27:18","modified_gmt":"2026-03-30T19:27:18","slug":"ateliers-de-creation","status":"publish","type":"page","link":"https:\/\/veroniquelamare.fr\/index.php\/ateliers-de-creation\/","title":{"rendered":"ateliers de cr\u00e9ation"},"content":{"rendered":"<div id='gallery-1' class='gallery galleryid-285 gallery-columns-3 gallery-size-medium'><figure class='gallery-item'>\n\t\t\t<div class='gallery-icon portrait'>\n\t\t\t\t<img width=\"200\" height=\"300\" src=\"https:\/\/veroniquelamare.fr\/wp-content\/uploads\/2016\/03\/WorkshopU1-200x300.jpg\" class=\"attachment-medium size-medium\" alt=\"\" decoding=\"async\" loading=\"lazy\" \/>\n\t\t\t<\/div><\/figure><figure class='gallery-item'>\n\t\t\t<div class='gallery-icon portrait'>\n\t\t\t\t<img width=\"200\" height=\"300\" src=\"https:\/\/veroniquelamare.fr\/wp-content\/uploads\/2016\/03\/WorkshopU2-200x300.jpg\" class=\"attachment-medium size-medium\" alt=\"\" decoding=\"async\" loading=\"lazy\" \/>\n\t\t\t<\/div><\/figure><figure class='gallery-item'>\n\t\t\t<div class='gallery-icon portrait'>\n\t\t\t\t<img width=\"200\" height=\"300\" src=\"https:\/\/veroniquelamare.fr\/wp-content\/uploads\/2016\/03\/WorkshopU3-200x300.jpg\" class=\"attachment-medium size-medium\" alt=\"\" decoding=\"async\" loading=\"lazy\" \/>\n\t\t\t<\/div><\/figure>\n\t\t<\/div>\n\n<p><span style=\"color: #808080;\"><strong>[ S\u00c9LECTION ]<\/strong><\/span><\/p>\n<p><span style=\"color: #333333;\">Parall\u00e8lement au d\u00e9veloppement de ma recherche artistique, je m\u00e8ne depuis plusieurs ann\u00e9es des interventions sous forme d&rsquo;ateliers de cr\u00e9ation et de m\u00e9diation aupr\u00e8s de diff\u00e9rents publics. Ces temps d&rsquo;atelier sont des temps d&rsquo;exp\u00e9rimentations partag\u00e9es. Cet engagement dans l&rsquo;exp\u00e9rimentation est sous-tendu par la mise en jeu du corps comme mat\u00e9riau et outil. Un mode de connaissance qui s&rsquo;\u00e9prouve pour chacun \u00e0 travers le processus rendu visible et qui vient interroger la fa\u00e7on dont les mat\u00e9riaux, les formes se modifient au fil de l&rsquo;exp\u00e9rience. Il s&rsquo;agit de laisser suffisamment d&rsquo;ouverture pour que chacun puisse se saisir de ce qui l&rsquo;int\u00e9resse, l&rsquo;anime et d\u00e9veloppe sa propre fa\u00e7on d&rsquo;aborder la proposition. Trouver l&rsquo;ouverture suffisamment juste et n\u00e9cessaire tout en restant attentive \u00e0 chacun, et pouvoir saisir \u00ab\u00a0l\u00e0 o\u00f9 \u00e7a prend\u00a0\u00bb, ou pas, pour ouvrir davantage \u00e0 cet endroit et permettre de le d\u00e9rouler ; tout en maintenant bien entendu un cadre dans lequel cela peut advenir. L&rsquo;enjeu n&rsquo;est pas tant d&rsquo;apprendre \u00e0 ma\u00eetriser une technique que de permettre \u00e0 chacun de faire \u00e9merger sa propre sensibilit\u00e9. D&rsquo;o\u00f9 l&rsquo;int\u00e9r\u00eat de ne pas se limiter \u00e0 un seul m\u00e9dium mais de les d\u00e9multiplier en fonction des phases d&rsquo;\u00e9laboration de la recherche et de leur pertinence. Chaque participant, enfant ou adulte, pourra ainsi par la suite s&#8217;emparer de tel m\u00e9dium ou mat\u00e9riau de fa\u00e7on plus personnelle.<\/span><\/p>\n<p>______________________________________________________________________<\/p>\n","protected":false},"excerpt":{"rendered":"<p>[ S\u00c9LECTION ] Parall\u00e8lement au d\u00e9veloppement de ma recherche artistique, je m\u00e8ne depuis plusieurs ann\u00e9es des interventions sous forme d&rsquo;ateliers de cr\u00e9ation et de m\u00e9diation aupr\u00e8s de diff\u00e9rents publics. Ces temps d&rsquo;atelier sont des temps d&rsquo;exp\u00e9rimentations partag\u00e9es. Cet engagement dans l&rsquo;exp\u00e9rimentation est sous-tendu par la mise en jeu du corps comme mat\u00e9riau et outil. Un &hellip; <a href=\"https:\/\/veroniquelamare.fr\/index.php\/ateliers-de-creation\/\" class=\"more-link\">Continuer la lecture de <span class=\"screen-reader-text\">ateliers de cr\u00e9ation<\/span><\/a><\/p>\n","protected":false},"author":1,"featured_media":0,"parent":0,"menu_order":12,"comment_status":"closed","ping_status":"closed","template":"","meta":[],"_links":{"self":[{"href":"https:\/\/veroniquelamare.fr\/index.php\/wp-json\/wp\/v2\/pages\/285"}],"collection":[{"href":"https:\/\/veroniquelamare.fr\/index.php\/wp-json\/wp\/v2\/pages"}],"about":[{"href":"https:\/\/veroniquelamare.fr\/index.php\/wp-json\/wp\/v2\/types\/page"}],"author":[{"embeddable":true,"href":"https:\/\/veroniquelamare.fr\/index.php\/wp-json\/wp\/v2\/users\/1"}],"replies":[{"embeddable":true,"href":"https:\/\/veroniquelamare.fr\/index.php\/wp-json\/wp\/v2\/comments?post=285"}],"version-history":[{"count":36,"href":"https:\/\/veroniquelamare.fr\/index.php\/wp-json\/wp\/v2\/pages\/285\/revisions"}],"predecessor-version":[{"id":4070,"href":"https:\/\/veroniquelamare.fr\/index.php\/wp-json\/wp\/v2\/pages\/285\/revisions\/4070"}],"wp:attachment":[{"href":"https:\/\/veroniquelamare.fr\/index.php\/wp-json\/wp\/v2\/media?parent=285"}],"curies":[{"name":"wp","href":"https:\/\/api.w.org\/{rel}","templated":true}]}}