{"id":3673,"date":"2025-11-10T15:14:00","date_gmt":"2025-11-10T14:14:00","guid":{"rendered":"https:\/\/veroniquelamare.fr\/?page_id=3673"},"modified":"2026-03-30T20:25:48","modified_gmt":"2026-03-30T19:25:48","slug":"pole-noir-2007","status":"publish","type":"page","link":"https:\/\/veroniquelamare.fr\/index.php\/pole-noir-2007\/","title":{"rendered":"p\u00f4le noir"},"content":{"rendered":"\n<p class=\"has-text-color\" style=\"color:#9d9d9d\">2007<br>____________________<\/p>\n\n\n\n<p class=\"has-small-font-size\">P\u00f4le noir rend compte de l&rsquo;activit\u00e9 du p\u00f4le agricole du Ch\u00e2teau Chasse-Spleen, \u00e0 Moulis-en-M\u00e9doc, en soulignant la fonctionnalit\u00e9 du b\u00e2timent et l&rsquo;\u00e9vidence des choix architecturaux effectu\u00e9s par les architectes Lanoire &amp; Courrian.<\/p>\n\n\n\n<figure class=\"wp-block-embed aligncenter is-type-video is-provider-vimeo wp-block-embed-vimeo\"><div class=\"wp-block-embed__wrapper\">\n<iframe loading=\"lazy\" title=\"p\u00f4le noir [part1] - 2007\" src=\"https:\/\/player.vimeo.com\/video\/63734847?dnt=1&amp;app_id=122963\" width=\"480\" height=\"360\" frameborder=\"0\" allow=\"autoplay; fullscreen; picture-in-picture; clipboard-write; encrypted-media; web-share\" referrerpolicy=\"strict-origin-when-cross-origin\"><\/iframe>\n<\/div><\/figure>\n\n\n\n<p style=\"font-size:10px\">____________________<br>prise de vue : V.Lamare<br>r\u00e9alisation : V.Lamare \/ A.N\u00e8ve<\/p>\n","protected":false},"excerpt":{"rendered":"<p>2007____________________ P\u00f4le noir rend compte de l&rsquo;activit\u00e9 du p\u00f4le agricole du Ch\u00e2teau Chasse-Spleen, \u00e0 Moulis-en-M\u00e9doc, en soulignant la fonctionnalit\u00e9 du b\u00e2timent et l&rsquo;\u00e9vidence des choix architecturaux effectu\u00e9s par les architectes Lanoire &amp; Courrian. ____________________prise de vue : V.Lamarer\u00e9alisation : V.Lamare \/ A.N\u00e8ve<\/p>\n","protected":false},"author":1,"featured_media":0,"parent":0,"menu_order":0,"comment_status":"closed","ping_status":"closed","template":"","meta":[],"_links":{"self":[{"href":"https:\/\/veroniquelamare.fr\/index.php\/wp-json\/wp\/v2\/pages\/3673"}],"collection":[{"href":"https:\/\/veroniquelamare.fr\/index.php\/wp-json\/wp\/v2\/pages"}],"about":[{"href":"https:\/\/veroniquelamare.fr\/index.php\/wp-json\/wp\/v2\/types\/page"}],"author":[{"embeddable":true,"href":"https:\/\/veroniquelamare.fr\/index.php\/wp-json\/wp\/v2\/users\/1"}],"replies":[{"embeddable":true,"href":"https:\/\/veroniquelamare.fr\/index.php\/wp-json\/wp\/v2\/comments?post=3673"}],"version-history":[{"count":10,"href":"https:\/\/veroniquelamare.fr\/index.php\/wp-json\/wp\/v2\/pages\/3673\/revisions"}],"predecessor-version":[{"id":4067,"href":"https:\/\/veroniquelamare.fr\/index.php\/wp-json\/wp\/v2\/pages\/3673\/revisions\/4067"}],"wp:attachment":[{"href":"https:\/\/veroniquelamare.fr\/index.php\/wp-json\/wp\/v2\/media?parent=3673"}],"curies":[{"name":"wp","href":"https:\/\/api.w.org\/{rel}","templated":true}]}}