{"id":3695,"date":"2025-11-10T16:11:15","date_gmt":"2025-11-10T15:11:15","guid":{"rendered":"https:\/\/veroniquelamare.fr\/?page_id=3695"},"modified":"2026-03-30T20:29:09","modified_gmt":"2026-03-30T19:29:09","slug":"arp-2011","status":"publish","type":"page","link":"https:\/\/veroniquelamare.fr\/index.php\/arp-2011\/","title":{"rendered":"ARP"},"content":{"rendered":"\n<p class=\"has-text-color has-medium-font-size\" style=\"color:#9d9d9d\">2011<br>____________________ <\/p>\n\n\n\n<p class=\"has-small-font-size\">\u00ab\u00a0Lanc\u00e9 \u00e0 l&rsquo;initiative du Conseil G\u00e9n\u00e9ral de la Gironde et pr\u00e9sent\u00e9 par le 308-maison de l&rsquo;architecture, le projet ARP (Artistes en R\u00e9sidence Partag\u00e9e) est n\u00e9 de la volont\u00e9 de rapprocher deux cultures et deux disciplines dont les champs d&rsquo;intervention se croisent souvent sans se rencontrer. Pourtant, l&rsquo;art et l&rsquo;architecture op\u00e8rent tous deux dans la sph\u00e8re sociale autour des notions du vivre ensemble, de l&rsquo;appropriation des espaces, des usages ou encore de l&rsquo;esth\u00e9tique. Quelles comp\u00e9tences peuvent rassembler Artistes et Architectes autour d&rsquo;un projet commun ? Avec quelles compl\u00e9mentarit\u00e9s ?\u00a0\u00bb &#8211; exposition ARP, 308-maison de l&rsquo;architecture, Bordeaux, 201<\/p>\n\n\n\n<p class=\"has-small-font-size\">Trois \u00e9quipes, trois modes de collaboration engag\u00e9s entre artistes plasticiens et architectes :<br>Nathaniel Raymond \/ Jean de Giacinto<br>Alexandre Garreau \/ M.Arrivet &amp; JC.Zebo<br>V\u00e9ronique Lamare \/ MP.Mignot<\/p>\n\n\n\n<figure class=\"wp-block-embed aligncenter is-type-video is-provider-vimeo wp-block-embed-vimeo\"><div class=\"wp-block-embed__wrapper\">\n<iframe loading=\"lazy\" title=\"ARP (JC.Zebo &amp; M.Arrivet + A.Garreau) - 2011\" src=\"https:\/\/player.vimeo.com\/video\/43723395?dnt=1&amp;app_id=122963\" width=\"480\" height=\"360\" frameborder=\"0\" allow=\"autoplay; fullscreen; picture-in-picture; clipboard-write; encrypted-media; web-share\" referrerpolicy=\"strict-origin-when-cross-origin\"><\/iframe>\n<\/div><\/figure>\n\n\n\n<pre class=\"wp-block-preformatted has-small-font-size\">ARP - vid\u00e9o - 13mn - 2011<\/pre>\n\n\n\n<figure class=\"wp-block-embed aligncenter is-type-video is-provider-vimeo wp-block-embed-vimeo\"><div class=\"wp-block-embed__wrapper\">\n<iframe loading=\"lazy\" title=\"ARP (J.deGiacinto + N.Raymond) - 2011\" src=\"https:\/\/player.vimeo.com\/video\/150072637?dnt=1&amp;app_id=122963\" width=\"480\" height=\"360\" frameborder=\"0\" allow=\"autoplay; fullscreen; picture-in-picture; clipboard-write; encrypted-media; web-share\" referrerpolicy=\"strict-origin-when-cross-origin\"><\/iframe>\n<\/div><\/figure>\n\n\n\n<pre class=\"wp-block-preformatted has-small-font-size\">ARP - vid\u00e9o - 10mn - 2011<\/pre>\n\n\n<div class=\"wp-block-image\">\n<figure class=\"aligncenter size-full\"><img decoding=\"async\" loading=\"lazy\" width=\"287\" height=\"400\" src=\"https:\/\/veroniquelamare.fr\/wp-content\/uploads\/2016\/03\/CP-Agora1.jpg\" alt=\"\" class=\"wp-image-765\" srcset=\"https:\/\/veroniquelamare.fr\/wp-content\/uploads\/2016\/03\/CP-Agora1.jpg 287w, https:\/\/veroniquelamare.fr\/wp-content\/uploads\/2016\/03\/CP-Agora1-215x300.jpg 215w\" sizes=\"(max-width: 287px) 100vw, 287px\" \/><\/figure><\/div>\n\n\n<p class=\"has-text-align-center\" style=\"font-size:11px\">carte postale \u00e9dit\u00e9e dans le cadre d&rsquo;Agora Biennale de Bordeaux M\u00e9trpole<\/p>\n\n\n<div class=\"wp-block-image\">\n<figure class=\"aligncenter size-full\"><img decoding=\"async\" loading=\"lazy\" width=\"400\" height=\"288\" src=\"https:\/\/veroniquelamare.fr\/wp-content\/uploads\/2016\/03\/CP-Agora2.jpg\" alt=\"\" class=\"wp-image-766\" srcset=\"https:\/\/veroniquelamare.fr\/wp-content\/uploads\/2016\/03\/CP-Agora2.jpg 400w, https:\/\/veroniquelamare.fr\/wp-content\/uploads\/2016\/03\/CP-Agora2-300x216.jpg 300w\" sizes=\"(max-width: 400px) 100vw, 400px\" \/><\/figure><\/div>\n\n\n<p class=\"has-text-align-center\" style=\"font-size:11px\">carte postale \u00e9dit\u00e9e dans le cadre d&rsquo;Agora Biennale de Bordeaux M\u00e9tropole<\/p>\n\n\n\n<p class=\"has-small-font-size\">La collaboration avec l&rsquo;architecte <a rel=\"noreferrer noopener\" href=\"https:\/\/mpmblog.com\/agencempm\/\" target=\"_blank\">Marie-Pascale Mignot<\/a> n\u00e9e du projet ARP s&rsquo;est construite autour de la probl\u00e9matique et des enjeux port\u00e9s par la loi du 11 f\u00e9vrier 2005 <em>pour l&rsquo;\u00e9galit\u00e9 des droits et des chances, la participation &nbsp;et la citoyennet\u00e9 des personnes handicap\u00e9es<\/em>.<br>Recueillir des t\u00e9moignages audio et vid\u00e9o, prendre en compte le point de vue de l&rsquo;usager comme appui pour ne plus se limiter \u00e0 des r\u00e9ponses uniquement techniques, aborder et questionner autrement le rapport \u00e0 l&rsquo;espace et nos modes de perceptions\u2026 Faire \u00e9merger des ressources en vue d&rsquo;apporter une expertise sur le diagnostic d&rsquo;accessibilit\u00e9 et la recherche de solutions.<\/p>\n\n\n\n<figure class=\"wp-block-embed aligncenter is-type-video is-provider-vimeo wp-block-embed-vimeo\"><div class=\"wp-block-embed__wrapper\">\n<iframe loading=\"lazy\" title=\"MigelaneTeaser\" src=\"https:\/\/player.vimeo.com\/video\/209734889?dnt=1&amp;app_id=122963\" width=\"660\" height=\"371\" frameborder=\"0\" allow=\"autoplay; fullscreen; picture-in-picture; clipboard-write; encrypted-media; web-share\" referrerpolicy=\"strict-origin-when-cross-origin\"><\/iframe>\n<\/div><\/figure>\n\n\n\n<pre class=\"wp-block-preformatted has-small-font-size\">For\u00eat de Migelane (33) - rep\u00e9rages - agence MPM - 2014<\/pre>\n\n\n\n<figure class=\"wp-block-embed aligncenter is-type-video is-provider-vimeo wp-block-embed-vimeo\"><div class=\"wp-block-embed__wrapper\">\n<iframe loading=\"lazy\" title=\"Visite de la Maison du Foie Gras\" src=\"https:\/\/player.vimeo.com\/video\/86500366?dnt=1&amp;app_id=122963\" width=\"660\" height=\"371\" frameborder=\"0\" allow=\"autoplay; fullscreen; picture-in-picture; clipboard-write; encrypted-media; web-share\" referrerpolicy=\"strict-origin-when-cross-origin\"><\/iframe>\n<\/div><\/figure>\n\n\n\n<pre class=\"wp-block-preformatted has-small-font-size\">Maison du foie gras - Thiviers (24) - agence MPM - 2013<\/pre>\n","protected":false},"excerpt":{"rendered":"<p>2011____________________ \u00ab\u00a0Lanc\u00e9 \u00e0 l&rsquo;initiative du Conseil G\u00e9n\u00e9ral de la Gironde et pr\u00e9sent\u00e9 par le 308-maison de l&rsquo;architecture, le projet ARP (Artistes en R\u00e9sidence Partag\u00e9e) est n\u00e9 de la volont\u00e9 de rapprocher deux cultures et deux disciplines dont les champs d&rsquo;intervention se croisent souvent sans se rencontrer. Pourtant, l&rsquo;art et l&rsquo;architecture op\u00e8rent tous deux dans la &hellip; <a href=\"https:\/\/veroniquelamare.fr\/index.php\/arp-2011\/\" class=\"more-link\">Continuer la lecture de <span class=\"screen-reader-text\">ARP<\/span><\/a><\/p>\n","protected":false},"author":1,"featured_media":0,"parent":0,"menu_order":0,"comment_status":"closed","ping_status":"closed","template":"","meta":[],"_links":{"self":[{"href":"https:\/\/veroniquelamare.fr\/index.php\/wp-json\/wp\/v2\/pages\/3695"}],"collection":[{"href":"https:\/\/veroniquelamare.fr\/index.php\/wp-json\/wp\/v2\/pages"}],"about":[{"href":"https:\/\/veroniquelamare.fr\/index.php\/wp-json\/wp\/v2\/types\/page"}],"author":[{"embeddable":true,"href":"https:\/\/veroniquelamare.fr\/index.php\/wp-json\/wp\/v2\/users\/1"}],"replies":[{"embeddable":true,"href":"https:\/\/veroniquelamare.fr\/index.php\/wp-json\/wp\/v2\/comments?post=3695"}],"version-history":[{"count":10,"href":"https:\/\/veroniquelamare.fr\/index.php\/wp-json\/wp\/v2\/pages\/3695\/revisions"}],"predecessor-version":[{"id":4056,"href":"https:\/\/veroniquelamare.fr\/index.php\/wp-json\/wp\/v2\/pages\/3695\/revisions\/4056"}],"wp:attachment":[{"href":"https:\/\/veroniquelamare.fr\/index.php\/wp-json\/wp\/v2\/media?parent=3695"}],"curies":[{"name":"wp","href":"https:\/\/api.w.org\/{rel}","templated":true}]}}