{"id":3704,"date":"2025-11-10T20:01:30","date_gmt":"2025-11-10T19:01:30","guid":{"rendered":"https:\/\/veroniquelamare.fr\/?page_id=3704"},"modified":"2026-03-30T20:31:06","modified_gmt":"2026-03-30T19:31:06","slug":"ca-joue-2024","status":"publish","type":"page","link":"https:\/\/veroniquelamare.fr\/index.php\/ca-joue-2024\/","title":{"rendered":"\u00c7a joue !"},"content":{"rendered":"\n<p class=\"has-text-color\" style=\"color:#9d9d9d\">2024<br>\u2014\u2014\u2014\u2014\u2014\u2014\u2014\u2014<\/p>\n\n\n\n<p class=\"has-small-font-size\">R\u00e9sidence EAC*<br><\/p>\n\n\n\n<p class=\"has-small-font-size\"><em>\u00c7a joue !<\/em> est un projet artistique d\u00e9velopp\u00e9 avec 3 classes de cycle 2 et 3.<br>Nous avons travaill\u00e9 autour de la notion de \u00ab\u00a0performance artistique\u00a0\u00bb, \u00e0 partir de gestes emprunt\u00e9s au domaine du sport et du jeu. Le projet s&rsquo;est construit dans la dur\u00e9e, ce qui a permis aux \u00e9l\u00e8ves de traverser concr\u00e8tement les diff\u00e9rentes \u00e9tapes de recherche du processus artistique. Les propositions gestuelles se sont d\u00e9velopp\u00e9es au cours de s\u00e9ances de travail men\u00e9es \u00e0 l&rsquo;ext\u00e9rieur de l&rsquo;\u00e9cole (gymnase, terrains de sport). Des performances-vid\u00e9o constituent l&rsquo;\u0153uvre finale, accompagn\u00e9es de livrets rassemblant les \u00e9l\u00e9ments de recherche du projet (dessins, collages, moulages, protocoles de performances).<\/p>\n\n\n\n<div class=\"wp-block-columns is-layout-flex wp-container-4\">\n<div class=\"wp-block-column is-layout-flow\">\n<figure class=\"wp-block-image size-large\"><a href=\"https:\/\/veroniquelamare.fr\/wp-content\/uploads\/2026\/03\/CaJoue-02juillet2024.jpeg\" target=\"_blank\" rel=\"noreferrer noopener\"><img decoding=\"async\" loading=\"lazy\" width=\"644\" height=\"362\" src=\"https:\/\/veroniquelamare.fr\/wp-content\/uploads\/2026\/03\/CaJoue-02juillet2024-644x362.jpeg\" alt=\"\" class=\"wp-image-4016\" srcset=\"https:\/\/veroniquelamare.fr\/wp-content\/uploads\/2026\/03\/CaJoue-02juillet2024-644x362.jpeg 644w, https:\/\/veroniquelamare.fr\/wp-content\/uploads\/2026\/03\/CaJoue-02juillet2024-300x169.jpeg 300w, https:\/\/veroniquelamare.fr\/wp-content\/uploads\/2026\/03\/CaJoue-02juillet2024-768x432.jpeg 768w, https:\/\/veroniquelamare.fr\/wp-content\/uploads\/2026\/03\/CaJoue-02juillet2024-1536x864.jpeg 1536w, https:\/\/veroniquelamare.fr\/wp-content\/uploads\/2026\/03\/CaJoue-02juillet2024.jpeg 1623w\" sizes=\"(max-width: 644px) 100vw, 644px\" \/><\/a><\/figure>\n<\/div>\n\n\n\n<div class=\"wp-block-column is-layout-flow\">\n<figure class=\"wp-block-image size-large\"><a href=\"https:\/\/veroniquelamare.fr\/wp-content\/uploads\/2026\/03\/CaJoue-FixVianney.jpg\" target=\"_blank\" rel=\"noreferrer noopener\"><img decoding=\"async\" loading=\"lazy\" width=\"644\" height=\"362\" src=\"https:\/\/veroniquelamare.fr\/wp-content\/uploads\/2026\/03\/CaJoue-FixVianney-644x362.jpg\" alt=\"\" class=\"wp-image-4018\" srcset=\"https:\/\/veroniquelamare.fr\/wp-content\/uploads\/2026\/03\/CaJoue-FixVianney-644x362.jpg 644w, https:\/\/veroniquelamare.fr\/wp-content\/uploads\/2026\/03\/CaJoue-FixVianney-300x169.jpg 300w, https:\/\/veroniquelamare.fr\/wp-content\/uploads\/2026\/03\/CaJoue-FixVianney-768x432.jpg 768w, https:\/\/veroniquelamare.fr\/wp-content\/uploads\/2026\/03\/CaJoue-FixVianney-1536x864.jpg 1536w, https:\/\/veroniquelamare.fr\/wp-content\/uploads\/2026\/03\/CaJoue-FixVianney.jpg 1920w\" sizes=\"(max-width: 644px) 100vw, 644px\" \/><\/a><\/figure>\n<\/div>\n\n\n\n<div class=\"wp-block-column is-layout-flow\">\n<figure class=\"wp-block-image size-large\"><a href=\"https:\/\/veroniquelamare.fr\/wp-content\/uploads\/2026\/03\/Fix-16.jpeg\" target=\"_blank\" rel=\"noreferrer noopener\"><img decoding=\"async\" loading=\"lazy\" width=\"644\" height=\"362\" src=\"https:\/\/veroniquelamare.fr\/wp-content\/uploads\/2026\/03\/Fix-16-644x362.jpeg\" alt=\"\" class=\"wp-image-4019\" srcset=\"https:\/\/veroniquelamare.fr\/wp-content\/uploads\/2026\/03\/Fix-16-644x362.jpeg 644w, https:\/\/veroniquelamare.fr\/wp-content\/uploads\/2026\/03\/Fix-16-300x169.jpeg 300w, https:\/\/veroniquelamare.fr\/wp-content\/uploads\/2026\/03\/Fix-16-768x432.jpeg 768w, https:\/\/veroniquelamare.fr\/wp-content\/uploads\/2026\/03\/Fix-16-1536x864.jpeg 1536w, https:\/\/veroniquelamare.fr\/wp-content\/uploads\/2026\/03\/Fix-16.jpeg 1920w\" sizes=\"(max-width: 644px) 100vw, 644px\" \/><\/a><\/figure>\n<\/div>\n<\/div>\n\n\n\n<div class=\"wp-block-columns is-layout-flex wp-container-8\">\n<div class=\"wp-block-column is-layout-flow\">\n<figure class=\"wp-block-image size-large\"><a href=\"https:\/\/veroniquelamare.fr\/wp-content\/uploads\/2026\/03\/Fix-08-copie.jpg\" target=\"_blank\" rel=\"noreferrer noopener\"><img decoding=\"async\" loading=\"lazy\" width=\"644\" height=\"362\" src=\"https:\/\/veroniquelamare.fr\/wp-content\/uploads\/2026\/03\/Fix-08-copie-644x362.jpg\" alt=\"\" class=\"wp-image-4017\" srcset=\"https:\/\/veroniquelamare.fr\/wp-content\/uploads\/2026\/03\/Fix-08-copie-644x362.jpg 644w, https:\/\/veroniquelamare.fr\/wp-content\/uploads\/2026\/03\/Fix-08-copie-300x169.jpg 300w, https:\/\/veroniquelamare.fr\/wp-content\/uploads\/2026\/03\/Fix-08-copie-768x432.jpg 768w, https:\/\/veroniquelamare.fr\/wp-content\/uploads\/2026\/03\/Fix-08-copie-1536x864.jpg 1536w, https:\/\/veroniquelamare.fr\/wp-content\/uploads\/2026\/03\/Fix-08-copie.jpg 1920w\" sizes=\"(max-width: 644px) 100vw, 644px\" \/><\/a><\/figure>\n<\/div>\n\n\n\n<div class=\"wp-block-column is-layout-flow\">\n<figure class=\"wp-block-image size-large\"><a href=\"https:\/\/veroniquelamare.fr\/wp-content\/uploads\/2026\/03\/Fix-11.jpg\" target=\"_blank\" rel=\"noreferrer noopener\"><img decoding=\"async\" loading=\"lazy\" width=\"644\" height=\"362\" src=\"https:\/\/veroniquelamare.fr\/wp-content\/uploads\/2026\/03\/Fix-11-644x362.jpg\" alt=\"\" class=\"wp-image-4020\" srcset=\"https:\/\/veroniquelamare.fr\/wp-content\/uploads\/2026\/03\/Fix-11-644x362.jpg 644w, https:\/\/veroniquelamare.fr\/wp-content\/uploads\/2026\/03\/Fix-11-300x169.jpg 300w, https:\/\/veroniquelamare.fr\/wp-content\/uploads\/2026\/03\/Fix-11-768x432.jpg 768w, https:\/\/veroniquelamare.fr\/wp-content\/uploads\/2026\/03\/Fix-11-1536x864.jpg 1536w, https:\/\/veroniquelamare.fr\/wp-content\/uploads\/2026\/03\/Fix-11.jpg 1920w\" sizes=\"(max-width: 644px) 100vw, 644px\" \/><\/a><\/figure>\n<\/div>\n\n\n\n<div class=\"wp-block-column is-layout-flow\">\n<figure class=\"wp-block-image size-large\"><a href=\"https:\/\/veroniquelamare.fr\/wp-content\/uploads\/2026\/03\/Fix-16-1.jpg\" target=\"_blank\" rel=\"noreferrer noopener\"><img decoding=\"async\" loading=\"lazy\" width=\"644\" height=\"362\" src=\"https:\/\/veroniquelamare.fr\/wp-content\/uploads\/2026\/03\/Fix-16-1-644x362.jpg\" alt=\"\" class=\"wp-image-4022\" srcset=\"https:\/\/veroniquelamare.fr\/wp-content\/uploads\/2026\/03\/Fix-16-1-644x362.jpg 644w, https:\/\/veroniquelamare.fr\/wp-content\/uploads\/2026\/03\/Fix-16-1-300x169.jpg 300w, https:\/\/veroniquelamare.fr\/wp-content\/uploads\/2026\/03\/Fix-16-1-768x432.jpg 768w, https:\/\/veroniquelamare.fr\/wp-content\/uploads\/2026\/03\/Fix-16-1-1536x864.jpg 1536w, https:\/\/veroniquelamare.fr\/wp-content\/uploads\/2026\/03\/Fix-16-1.jpg 1920w\" sizes=\"(max-width: 644px) 100vw, 644px\" \/><\/a><\/figure>\n<\/div>\n<\/div>\n\n\n\n<p><\/p>\n\n\n\n<div class=\"wp-block-columns is-layout-flex wp-container-12\">\n<div class=\"wp-block-column is-layout-flow\">\n<figure class=\"wp-block-image size-large\"><a href=\"https:\/\/veroniquelamare.fr\/wp-content\/uploads\/2026\/03\/Terrain-05-scaled.jpg\" target=\"_blank\" rel=\"noreferrer noopener\"><img decoding=\"async\" loading=\"lazy\" width=\"644\" height=\"908\" src=\"https:\/\/veroniquelamare.fr\/wp-content\/uploads\/2026\/03\/Terrain-05-644x908.jpg\" alt=\"\" class=\"wp-image-4024\" srcset=\"https:\/\/veroniquelamare.fr\/wp-content\/uploads\/2026\/03\/Terrain-05-644x908.jpg 644w, https:\/\/veroniquelamare.fr\/wp-content\/uploads\/2026\/03\/Terrain-05-213x300.jpg 213w, https:\/\/veroniquelamare.fr\/wp-content\/uploads\/2026\/03\/Terrain-05-768x1082.jpg 768w, https:\/\/veroniquelamare.fr\/wp-content\/uploads\/2026\/03\/Terrain-05-1090x1536.jpg 1090w, https:\/\/veroniquelamare.fr\/wp-content\/uploads\/2026\/03\/Terrain-05-1453x2048.jpg 1453w, https:\/\/veroniquelamare.fr\/wp-content\/uploads\/2026\/03\/Terrain-05-scaled.jpg 1816w\" sizes=\"(max-width: 644px) 100vw, 644px\" \/><\/a><\/figure>\n<\/div>\n\n\n\n<div class=\"wp-block-column is-layout-flow\">\n<figure class=\"wp-block-image size-large\"><a href=\"https:\/\/veroniquelamare.fr\/wp-content\/uploads\/2026\/03\/Terrain-24.jpg\" target=\"_blank\" rel=\"noreferrer noopener\"><img decoding=\"async\" loading=\"lazy\" width=\"644\" height=\"915\" src=\"https:\/\/veroniquelamare.fr\/wp-content\/uploads\/2026\/03\/Terrain-24-644x915.jpg\" alt=\"\" class=\"wp-image-4025\" srcset=\"https:\/\/veroniquelamare.fr\/wp-content\/uploads\/2026\/03\/Terrain-24-644x915.jpg 644w, https:\/\/veroniquelamare.fr\/wp-content\/uploads\/2026\/03\/Terrain-24-211x300.jpg 211w, https:\/\/veroniquelamare.fr\/wp-content\/uploads\/2026\/03\/Terrain-24-768x1091.jpg 768w, https:\/\/veroniquelamare.fr\/wp-content\/uploads\/2026\/03\/Terrain-24-1081x1536.jpg 1081w, https:\/\/veroniquelamare.fr\/wp-content\/uploads\/2026\/03\/Terrain-24-1441x2048.jpg 1441w, https:\/\/veroniquelamare.fr\/wp-content\/uploads\/2026\/03\/Terrain-24.jpg 1738w\" sizes=\"(max-width: 644px) 100vw, 644px\" \/><\/a><\/figure>\n<\/div>\n\n\n\n<div class=\"wp-block-column is-layout-flow\">\n<figure class=\"wp-block-image size-medium\"><a href=\"https:\/\/veroniquelamare.fr\/wp-content\/uploads\/2026\/03\/Terrain-04.jpg\" target=\"_blank\" rel=\"noreferrer noopener\"><img decoding=\"async\" loading=\"lazy\" width=\"168\" height=\"300\" src=\"https:\/\/veroniquelamare.fr\/wp-content\/uploads\/2026\/03\/Terrain-04-168x300.jpg\" alt=\"\" class=\"wp-image-4023\" srcset=\"https:\/\/veroniquelamare.fr\/wp-content\/uploads\/2026\/03\/Terrain-04-168x300.jpg 168w, https:\/\/veroniquelamare.fr\/wp-content\/uploads\/2026\/03\/Terrain-04-644x1152.jpg 644w, https:\/\/veroniquelamare.fr\/wp-content\/uploads\/2026\/03\/Terrain-04-768x1374.jpg 768w, https:\/\/veroniquelamare.fr\/wp-content\/uploads\/2026\/03\/Terrain-04-858x1536.jpg 858w, https:\/\/veroniquelamare.fr\/wp-content\/uploads\/2026\/03\/Terrain-04.jpg 1064w\" sizes=\"(max-width: 168px) 100vw, 168px\" \/><\/a><\/figure>\n<\/div>\n<\/div>\n\n\n\n<p><\/p>\n\n\n\n<p class=\"has-small-font-size\">* Projet r\u00e9alis\u00e9 dans le cadre de la r\u00e9sidence EAC soutenue par la ville de Bordeaux (labellisation 100% EAC).<\/p>\n","protected":false},"excerpt":{"rendered":"<p>2024\u2014\u2014\u2014\u2014\u2014\u2014\u2014\u2014 R\u00e9sidence EAC* \u00c7a joue ! est un projet artistique d\u00e9velopp\u00e9 avec 3 classes de cycle 2 et 3.Nous avons travaill\u00e9 autour de la notion de \u00ab\u00a0performance artistique\u00a0\u00bb, \u00e0 partir de gestes emprunt\u00e9s au domaine du sport et du jeu. Le projet s&rsquo;est construit dans la dur\u00e9e, ce qui a permis aux \u00e9l\u00e8ves de traverser &hellip; <a href=\"https:\/\/veroniquelamare.fr\/index.php\/ca-joue-2024\/\" class=\"more-link\">Continuer la lecture de <span class=\"screen-reader-text\">\u00c7a joue !<\/span><\/a><\/p>\n","protected":false},"author":1,"featured_media":0,"parent":0,"menu_order":0,"comment_status":"closed","ping_status":"closed","template":"","meta":[],"_links":{"self":[{"href":"https:\/\/veroniquelamare.fr\/index.php\/wp-json\/wp\/v2\/pages\/3704"}],"collection":[{"href":"https:\/\/veroniquelamare.fr\/index.php\/wp-json\/wp\/v2\/pages"}],"about":[{"href":"https:\/\/veroniquelamare.fr\/index.php\/wp-json\/wp\/v2\/types\/page"}],"author":[{"embeddable":true,"href":"https:\/\/veroniquelamare.fr\/index.php\/wp-json\/wp\/v2\/users\/1"}],"replies":[{"embeddable":true,"href":"https:\/\/veroniquelamare.fr\/index.php\/wp-json\/wp\/v2\/comments?post=3704"}],"version-history":[{"count":12,"href":"https:\/\/veroniquelamare.fr\/index.php\/wp-json\/wp\/v2\/pages\/3704\/revisions"}],"predecessor-version":[{"id":4071,"href":"https:\/\/veroniquelamare.fr\/index.php\/wp-json\/wp\/v2\/pages\/3704\/revisions\/4071"}],"wp:attachment":[{"href":"https:\/\/veroniquelamare.fr\/index.php\/wp-json\/wp\/v2\/media?parent=3704"}],"curies":[{"name":"wp","href":"https:\/\/api.w.org\/{rel}","templated":true}]}}