{"id":3707,"date":"2025-11-10T20:02:54","date_gmt":"2025-11-10T19:02:54","guid":{"rendered":"https:\/\/veroniquelamare.fr\/?page_id=3707"},"modified":"2026-03-30T20:32:09","modified_gmt":"2026-03-30T19:32:09","slug":"habiter-le-monde-2023","status":"publish","type":"page","link":"https:\/\/veroniquelamare.fr\/index.php\/habiter-le-monde-2023\/","title":{"rendered":"Habiter le monde"},"content":{"rendered":"\n<p class=\"has-text-color\" style=\"color:#979797\">2023<br>\u2014\u2014\u2014\u2014\u2014\u2014\u2014\u2014<\/p>\n\n\n\n<p class=\"has-small-font-size\">Habiter le monde, \u00eatre l\u00e0, occuper un espace aussi grand ou petit soit-il.<br>\u00catre un corps, en mouvement ou immobile, qui trouve sa place, qui se fait une place. \u00catre pr\u00e9sent, mobiliser le corps dans son rapport \u00e0 l&rsquo;espace, et dans sa relation aux autres, sur un mode autant spectaculaire que discret.<br>C&rsquo;est la notion de performance artistique qui a \u00e9t\u00e9 abord\u00e9e \u00e0 travers ces trois workshops, avec cette volont\u00e9 de sortir de l&rsquo;\u00e9cole et travailler dans l&rsquo;espace urbain. Dans les espaces publics qui font partie de l&rsquo;environnement quotidien des \u00e9l\u00e8ves et des enseignant\u00b7es, espaces familiers qu&rsquo;il s&rsquo;agit l\u00e0 de re-d\u00e9couvrir en modifiant notre fa\u00e7on de les regarder et de les investir collectivement.  <\/p>\n\n\n\n<div class=\"wp-block-columns is-layout-flex wp-container-5\">\n<div class=\"wp-block-column is-layout-flow\" style=\"flex-basis:100%\">\n<div class=\"wp-block-columns is-layout-flex wp-container-3\">\n<div class=\"wp-block-column is-layout-flow\">\n<figure class=\"wp-block-image size-large\"><a href=\"https:\/\/veroniquelamare.fr\/wp-content\/uploads\/2026\/03\/HabiterLeMonde-2-fix01\u00a92023-1.jpg\" target=\"_blank\" rel=\"noreferrer noopener\"><img decoding=\"async\" loading=\"lazy\" width=\"644\" height=\"362\" src=\"https:\/\/veroniquelamare.fr\/wp-content\/uploads\/2026\/03\/HabiterLeMonde-2-fix01\u00a92023-1-644x362.jpg\" alt=\"\" class=\"wp-image-3975\" srcset=\"https:\/\/veroniquelamare.fr\/wp-content\/uploads\/2026\/03\/HabiterLeMonde-2-fix01\u00a92023-1-644x362.jpg 644w, https:\/\/veroniquelamare.fr\/wp-content\/uploads\/2026\/03\/HabiterLeMonde-2-fix01\u00a92023-1-300x169.jpg 300w, https:\/\/veroniquelamare.fr\/wp-content\/uploads\/2026\/03\/HabiterLeMonde-2-fix01\u00a92023-1-768x432.jpg 768w, https:\/\/veroniquelamare.fr\/wp-content\/uploads\/2026\/03\/HabiterLeMonde-2-fix01\u00a92023-1-1536x864.jpg 1536w, https:\/\/veroniquelamare.fr\/wp-content\/uploads\/2026\/03\/HabiterLeMonde-2-fix01\u00a92023-1.jpg 1920w\" sizes=\"(max-width: 644px) 100vw, 644px\" \/><\/a><\/figure>\n<\/div>\n\n\n\n<div class=\"wp-block-column is-layout-flow\">\n<figure class=\"wp-block-image size-large\"><a href=\"https:\/\/veroniquelamare.fr\/wp-content\/uploads\/2026\/03\/HabiterLeMonde-2-fix02\u00a92023.jpg\" target=\"_blank\" rel=\"noreferrer noopener\"><img decoding=\"async\" loading=\"lazy\" width=\"644\" height=\"362\" src=\"https:\/\/veroniquelamare.fr\/wp-content\/uploads\/2026\/03\/HabiterLeMonde-2-fix02\u00a92023-644x362.jpg\" alt=\"\" class=\"wp-image-3976\" srcset=\"https:\/\/veroniquelamare.fr\/wp-content\/uploads\/2026\/03\/HabiterLeMonde-2-fix02\u00a92023-644x362.jpg 644w, https:\/\/veroniquelamare.fr\/wp-content\/uploads\/2026\/03\/HabiterLeMonde-2-fix02\u00a92023-300x169.jpg 300w, https:\/\/veroniquelamare.fr\/wp-content\/uploads\/2026\/03\/HabiterLeMonde-2-fix02\u00a92023-768x432.jpg 768w, https:\/\/veroniquelamare.fr\/wp-content\/uploads\/2026\/03\/HabiterLeMonde-2-fix02\u00a92023-1536x864.jpg 1536w, https:\/\/veroniquelamare.fr\/wp-content\/uploads\/2026\/03\/HabiterLeMonde-2-fix02\u00a92023.jpg 1920w\" sizes=\"(max-width: 644px) 100vw, 644px\" \/><\/a><\/figure>\n<\/div>\n<\/div>\n<\/div>\n<\/div>\n\n\n\n<div class=\"wp-block-columns is-layout-flex wp-container-8\">\n<div class=\"wp-block-column is-layout-flow\">\n<figure class=\"wp-block-image size-large\"><a href=\"https:\/\/veroniquelamare.fr\/wp-content\/uploads\/2026\/03\/corde1-scaled.jpg\" target=\"_blank\" rel=\"noreferrer noopener\"><img decoding=\"async\" loading=\"lazy\" width=\"644\" height=\"429\" src=\"https:\/\/veroniquelamare.fr\/wp-content\/uploads\/2026\/03\/corde1-644x429.jpg\" alt=\"\" class=\"wp-image-3977\" srcset=\"https:\/\/veroniquelamare.fr\/wp-content\/uploads\/2026\/03\/corde1-644x429.jpg 644w, https:\/\/veroniquelamare.fr\/wp-content\/uploads\/2026\/03\/corde1-300x200.jpg 300w, https:\/\/veroniquelamare.fr\/wp-content\/uploads\/2026\/03\/corde1-768x512.jpg 768w, https:\/\/veroniquelamare.fr\/wp-content\/uploads\/2026\/03\/corde1-1536x1024.jpg 1536w, https:\/\/veroniquelamare.fr\/wp-content\/uploads\/2026\/03\/corde1-2048x1365.jpg 2048w\" sizes=\"(max-width: 644px) 100vw, 644px\" \/><\/a><\/figure>\n<\/div>\n\n\n\n<div class=\"wp-block-column is-layout-flow\">\n<figure class=\"wp-block-image size-large\"><a href=\"https:\/\/veroniquelamare.fr\/wp-content\/uploads\/2026\/03\/corde2-scaled.jpg\" target=\"_blank\" rel=\"noreferrer noopener\"><img decoding=\"async\" loading=\"lazy\" width=\"644\" height=\"429\" src=\"https:\/\/veroniquelamare.fr\/wp-content\/uploads\/2026\/03\/corde2-644x429.jpg\" alt=\"\" class=\"wp-image-3978\" srcset=\"https:\/\/veroniquelamare.fr\/wp-content\/uploads\/2026\/03\/corde2-644x429.jpg 644w, https:\/\/veroniquelamare.fr\/wp-content\/uploads\/2026\/03\/corde2-300x200.jpg 300w, https:\/\/veroniquelamare.fr\/wp-content\/uploads\/2026\/03\/corde2-768x512.jpg 768w, https:\/\/veroniquelamare.fr\/wp-content\/uploads\/2026\/03\/corde2-1536x1024.jpg 1536w, https:\/\/veroniquelamare.fr\/wp-content\/uploads\/2026\/03\/corde2-2048x1365.jpg 2048w\" sizes=\"(max-width: 644px) 100vw, 644px\" \/><\/a><\/figure>\n<\/div>\n<\/div>\n\n\n\n<div class=\"wp-block-columns is-layout-flex wp-container-11\">\n<div class=\"wp-block-column is-layout-flow\">\n<figure class=\"wp-block-image size-large\"><a href=\"https:\/\/veroniquelamare.fr\/wp-content\/uploads\/2026\/03\/IMG_3046-scaled.jpg\" target=\"_blank\" rel=\"noreferrer noopener\"><img decoding=\"async\" loading=\"lazy\" width=\"644\" height=\"429\" src=\"https:\/\/veroniquelamare.fr\/wp-content\/uploads\/2026\/03\/IMG_3046-644x429.jpg\" alt=\"\" class=\"wp-image-3983\" srcset=\"https:\/\/veroniquelamare.fr\/wp-content\/uploads\/2026\/03\/IMG_3046-644x429.jpg 644w, https:\/\/veroniquelamare.fr\/wp-content\/uploads\/2026\/03\/IMG_3046-300x200.jpg 300w, https:\/\/veroniquelamare.fr\/wp-content\/uploads\/2026\/03\/IMG_3046-768x512.jpg 768w, https:\/\/veroniquelamare.fr\/wp-content\/uploads\/2026\/03\/IMG_3046-1536x1024.jpg 1536w, https:\/\/veroniquelamare.fr\/wp-content\/uploads\/2026\/03\/IMG_3046-2048x1365.jpg 2048w\" sizes=\"(max-width: 644px) 100vw, 644px\" \/><\/a><\/figure>\n<\/div>\n\n\n\n<div class=\"wp-block-column is-layout-flow\">\n<figure class=\"wp-block-image size-large\"><a href=\"https:\/\/veroniquelamare.fr\/wp-content\/uploads\/2026\/03\/IMG_3334-scaled.jpg\" target=\"_blank\" rel=\"noreferrer noopener\"><img decoding=\"async\" loading=\"lazy\" width=\"644\" height=\"429\" src=\"https:\/\/veroniquelamare.fr\/wp-content\/uploads\/2026\/03\/IMG_3334-644x429.jpg\" alt=\"\" class=\"wp-image-3984\" srcset=\"https:\/\/veroniquelamare.fr\/wp-content\/uploads\/2026\/03\/IMG_3334-644x429.jpg 644w, https:\/\/veroniquelamare.fr\/wp-content\/uploads\/2026\/03\/IMG_3334-300x200.jpg 300w, https:\/\/veroniquelamare.fr\/wp-content\/uploads\/2026\/03\/IMG_3334-768x512.jpg 768w, https:\/\/veroniquelamare.fr\/wp-content\/uploads\/2026\/03\/IMG_3334-1536x1024.jpg 1536w, https:\/\/veroniquelamare.fr\/wp-content\/uploads\/2026\/03\/IMG_3334-2048x1365.jpg 2048w\" sizes=\"(max-width: 644px) 100vw, 644px\" \/><\/a><\/figure>\n<\/div>\n<\/div>\n\n\n\n<div class=\"wp-block-columns is-layout-flex wp-container-14\">\n<div class=\"wp-block-column is-layout-flow\">\n<figure class=\"wp-block-image size-large\"><a href=\"https:\/\/veroniquelamare.fr\/wp-content\/uploads\/2026\/03\/HabiterLeMonde-8protocoles04\u00a9VL2023.jpg\" target=\"_blank\" rel=\"noreferrer noopener\"><img decoding=\"async\" loading=\"lazy\" width=\"644\" height=\"429\" src=\"https:\/\/veroniquelamare.fr\/wp-content\/uploads\/2026\/03\/HabiterLeMonde-8protocoles04\u00a9VL2023-644x429.jpg\" alt=\"\" class=\"wp-image-3985\" srcset=\"https:\/\/veroniquelamare.fr\/wp-content\/uploads\/2026\/03\/HabiterLeMonde-8protocoles04\u00a9VL2023-644x429.jpg 644w, https:\/\/veroniquelamare.fr\/wp-content\/uploads\/2026\/03\/HabiterLeMonde-8protocoles04\u00a9VL2023-300x200.jpg 300w, https:\/\/veroniquelamare.fr\/wp-content\/uploads\/2026\/03\/HabiterLeMonde-8protocoles04\u00a9VL2023-768x512.jpg 768w, https:\/\/veroniquelamare.fr\/wp-content\/uploads\/2026\/03\/HabiterLeMonde-8protocoles04\u00a9VL2023.jpg 1280w\" sizes=\"(max-width: 644px) 100vw, 644px\" \/><\/a><\/figure>\n<\/div>\n\n\n\n<div class=\"wp-block-column is-layout-flow\">\n<figure class=\"wp-block-image size-large\"><a href=\"https:\/\/veroniquelamare.fr\/wp-content\/uploads\/2026\/03\/IMG_3111-scaled.jpg\" target=\"_blank\" rel=\"noreferrer noopener\"><img decoding=\"async\" loading=\"lazy\" width=\"644\" height=\"429\" src=\"https:\/\/veroniquelamare.fr\/wp-content\/uploads\/2026\/03\/IMG_3111-644x429.jpg\" alt=\"\" class=\"wp-image-3986\" srcset=\"https:\/\/veroniquelamare.fr\/wp-content\/uploads\/2026\/03\/IMG_3111-644x429.jpg 644w, https:\/\/veroniquelamare.fr\/wp-content\/uploads\/2026\/03\/IMG_3111-300x200.jpg 300w, https:\/\/veroniquelamare.fr\/wp-content\/uploads\/2026\/03\/IMG_3111-768x512.jpg 768w, https:\/\/veroniquelamare.fr\/wp-content\/uploads\/2026\/03\/IMG_3111-1536x1024.jpg 1536w, https:\/\/veroniquelamare.fr\/wp-content\/uploads\/2026\/03\/IMG_3111-2048x1365.jpg 2048w\" sizes=\"(max-width: 644px) 100vw, 644px\" \/><\/a><\/figure>\n<\/div>\n<\/div>\n\n\n\n<div class=\"wp-block-columns is-layout-flex wp-container-17\">\n<div class=\"wp-block-column is-layout-flow\">\n<figure class=\"wp-block-image size-large\"><a href=\"https:\/\/veroniquelamare.fr\/wp-content\/uploads\/2026\/03\/OK-IMG_3353-scaled.jpg\" target=\"_blank\" rel=\"noreferrer noopener\"><img decoding=\"async\" loading=\"lazy\" width=\"644\" height=\"429\" src=\"https:\/\/veroniquelamare.fr\/wp-content\/uploads\/2026\/03\/OK-IMG_3353-644x429.jpg\" alt=\"\" class=\"wp-image-3993\" srcset=\"https:\/\/veroniquelamare.fr\/wp-content\/uploads\/2026\/03\/OK-IMG_3353-644x429.jpg 644w, https:\/\/veroniquelamare.fr\/wp-content\/uploads\/2026\/03\/OK-IMG_3353-300x200.jpg 300w, https:\/\/veroniquelamare.fr\/wp-content\/uploads\/2026\/03\/OK-IMG_3353-768x512.jpg 768w, https:\/\/veroniquelamare.fr\/wp-content\/uploads\/2026\/03\/OK-IMG_3353-1536x1024.jpg 1536w, https:\/\/veroniquelamare.fr\/wp-content\/uploads\/2026\/03\/OK-IMG_3353-2048x1365.jpg 2048w\" sizes=\"(max-width: 644px) 100vw, 644px\" \/><\/a><\/figure>\n<\/div>\n\n\n\n<div class=\"wp-block-column is-layout-flow\">\n<figure class=\"wp-block-image size-large\"><a href=\"https:\/\/veroniquelamare.fr\/wp-content\/uploads\/2026\/03\/HabiterLeMonde-EspacesColores02\u00a9VL2023.jpg\" target=\"_blank\" rel=\"noreferrer noopener\"><img decoding=\"async\" loading=\"lazy\" width=\"644\" height=\"429\" src=\"https:\/\/veroniquelamare.fr\/wp-content\/uploads\/2026\/03\/HabiterLeMonde-EspacesColores02\u00a9VL2023-644x429.jpg\" alt=\"\" class=\"wp-image-3980\" srcset=\"https:\/\/veroniquelamare.fr\/wp-content\/uploads\/2026\/03\/HabiterLeMonde-EspacesColores02\u00a9VL2023-644x429.jpg 644w, https:\/\/veroniquelamare.fr\/wp-content\/uploads\/2026\/03\/HabiterLeMonde-EspacesColores02\u00a9VL2023-300x200.jpg 300w, https:\/\/veroniquelamare.fr\/wp-content\/uploads\/2026\/03\/HabiterLeMonde-EspacesColores02\u00a9VL2023-768x512.jpg 768w, https:\/\/veroniquelamare.fr\/wp-content\/uploads\/2026\/03\/HabiterLeMonde-EspacesColores02\u00a9VL2023.jpg 1280w\" sizes=\"(max-width: 644px) 100vw, 644px\" \/><\/a><\/figure>\n<\/div>\n<\/div>\n\n\n\n<p class=\"has-small-font-size\"><br>R\u00e9alis\u00e9 dans le cadre du projet de territoire des arts au mur, artoth\u00e8que de Pessac, \u00ab\u00a0Habiter le monde\u00a0\u00bb, men\u00e9 avec 3 classes de l&rsquo;\u00e9cole Henri Sauguet \u00e0 Coutras (33).<br><a rel=\"noreferrer noopener\" href=\"https:\/\/lesartsaumur.wixsite.com\/habiter-le-monde\/workshop\" target=\"_blank\">https:\/\/lesartsaumur.wixsite.com\/habiter-le-monde\/workshop<\/a><\/p>\n\n\n\n<p><\/p>\n","protected":false},"excerpt":{"rendered":"<p>2023\u2014\u2014\u2014\u2014\u2014\u2014\u2014\u2014 Habiter le monde, \u00eatre l\u00e0, occuper un espace aussi grand ou petit soit-il.\u00catre un corps, en mouvement ou immobile, qui trouve sa place, qui se fait une place. \u00catre pr\u00e9sent, mobiliser le corps dans son rapport \u00e0 l&rsquo;espace, et dans sa relation aux autres, sur un mode autant spectaculaire que discret.C&rsquo;est la notion de &hellip; <a href=\"https:\/\/veroniquelamare.fr\/index.php\/habiter-le-monde-2023\/\" class=\"more-link\">Continuer la lecture de <span class=\"screen-reader-text\">Habiter le monde<\/span><\/a><\/p>\n","protected":false},"author":1,"featured_media":0,"parent":0,"menu_order":0,"comment_status":"closed","ping_status":"closed","template":"","meta":[],"_links":{"self":[{"href":"https:\/\/veroniquelamare.fr\/index.php\/wp-json\/wp\/v2\/pages\/3707"}],"collection":[{"href":"https:\/\/veroniquelamare.fr\/index.php\/wp-json\/wp\/v2\/pages"}],"about":[{"href":"https:\/\/veroniquelamare.fr\/index.php\/wp-json\/wp\/v2\/types\/page"}],"author":[{"embeddable":true,"href":"https:\/\/veroniquelamare.fr\/index.php\/wp-json\/wp\/v2\/users\/1"}],"replies":[{"embeddable":true,"href":"https:\/\/veroniquelamare.fr\/index.php\/wp-json\/wp\/v2\/comments?post=3707"}],"version-history":[{"count":19,"href":"https:\/\/veroniquelamare.fr\/index.php\/wp-json\/wp\/v2\/pages\/3707\/revisions"}],"predecessor-version":[{"id":4072,"href":"https:\/\/veroniquelamare.fr\/index.php\/wp-json\/wp\/v2\/pages\/3707\/revisions\/4072"}],"wp:attachment":[{"href":"https:\/\/veroniquelamare.fr\/index.php\/wp-json\/wp\/v2\/media?parent=3707"}],"curies":[{"name":"wp","href":"https:\/\/api.w.org\/{rel}","templated":true}]}}