{"id":3759,"date":"2025-11-11T21:00:12","date_gmt":"2025-11-11T20:00:12","guid":{"rendered":"https:\/\/veroniquelamare.fr\/?page_id=3759"},"modified":"2026-03-25T19:02:31","modified_gmt":"2026-03-25T18:02:31","slug":"espaces-aquaphoniques","status":"publish","type":"page","link":"https:\/\/veroniquelamare.fr\/index.php\/espaces-aquaphoniques\/","title":{"rendered":"Espaces aquaphoniques"},"content":{"rendered":"\n<p><\/p>\n\n\n\n<p class=\"has-text-color\" style=\"color:#9d9d9d\">2025<br>____________________<br><\/p>\n\n\n\n<figure class=\"wp-block-image size-large\"><a href=\"https:\/\/veroniquelamare.fr\/wp-content\/uploads\/2025\/11\/Nuit_Verte_2025_Pensiondefamille\u00a9Barbara_Fecchio.jpg\" target=\"_blank\" rel=\"noreferrer noopener\"><img decoding=\"async\" loading=\"lazy\" width=\"644\" height=\"429\" src=\"https:\/\/veroniquelamare.fr\/wp-content\/uploads\/2025\/11\/Nuit_Verte_2025_Pensiondefamille\u00a9Barbara_Fecchio-644x429.jpg\" alt=\"\" class=\"wp-image-3762\" srcset=\"https:\/\/veroniquelamare.fr\/wp-content\/uploads\/2025\/11\/Nuit_Verte_2025_Pensiondefamille\u00a9Barbara_Fecchio-644x429.jpg 644w, https:\/\/veroniquelamare.fr\/wp-content\/uploads\/2025\/11\/Nuit_Verte_2025_Pensiondefamille\u00a9Barbara_Fecchio-300x200.jpg 300w, https:\/\/veroniquelamare.fr\/wp-content\/uploads\/2025\/11\/Nuit_Verte_2025_Pensiondefamille\u00a9Barbara_Fecchio-768x512.jpg 768w, https:\/\/veroniquelamare.fr\/wp-content\/uploads\/2025\/11\/Nuit_Verte_2025_Pensiondefamille\u00a9Barbara_Fecchio.jpg 1350w\" sizes=\"(max-width: 644px) 100vw, 644px\" \/><\/a><\/figure>\n\n\n\n<p style=\"font-size:11px\">photo Barbara Fecchio pour La Nuit Verte &#8211; Biennale Panoramas, Lormont, 2025<\/p>\n\n\n\n<p><\/p>\n\n\n\n<p class=\"has-small-font-size\">\u00ab\u00a0Au d\u00e9part, il y a un texte \u00e9crit par l&rsquo;autrice et metteure en sc\u00e8ne Laurence de la Fuente, un texte po\u00e9tique, inventaire ludique et sonore des images et manifestations aquatiques. L&rsquo;ouvrage avance par cercles concentriques, en jetant des cailloux en ricochets sonores dans la rivi\u00e8re du texte, en progressant de reflets en reflets : une cartographie bruitiste et f\u00e9ministe des espaces aquatiques.<br>Vient ensuite le d\u00e9sir que ces textes po\u00e9tiques puissent d\u00e9clencher une performance qui r\u00e9unit l&rsquo;autrice-metteure en sc\u00e8ne (Laurence de la Fuente), une performeuse danseuse et chor\u00e9graphe (S\u00e9verine Lef\u00e8vre), un artiste sonore (Cl\u00e9ment Bernardeau), une performeuse artiste plasticienne (V\u00e9ronique Lamare), un performer interpr\u00e8te ( Romain Jarry) accompagn\u00e9\u00b7es par le regard complice de la dramaturge et metteure en sc\u00e8ne Clyde Chabot.<br><em>Espaces aquaphoniques<\/em>* pour la Nuit Verte, c&rsquo;est aussi un r\u00eave de cin\u00e9ma, de cin\u00e9ma pour les oreilles : \u00e9couter dans la nuit le son de l&rsquo;eau, les mots d\u00e9gel\u00e9s, entendre nos r\u00e9miniscences aquatiques, nos souffles conjugu\u00e9s, nos m\u00e9t\u00e9os intimes, le glissement d&rsquo;une rame en surface, nos pas sur le sol humide, apercevoir les \u00e9clairs de lumi\u00e8re diffus\u00e9s par des jardins flottants sur l&rsquo;eau noire, g\u00e9ographies scintillantes diffract\u00e9es en aplats de couleurs affleurant \u00e0 la surface. Retrouver pour un temps dilat\u00e9 une communaut\u00e9 sensible r\u00e9unie par la nuit, sur une berge, zone fronti\u00e8re, zone de transition, de mutation, entre min\u00e9ral et animal. Se fondre ensemble dans une forme de r\u00eave\/ch\u0153ur sonore, gestuel, dans lequel des images sont rappel\u00e9es des profondeurs, des bribes d&rsquo;autres \u0153uvres convoqu\u00e9es, des danses, des silences, des cin\u00e9-po\u00e8mes, des d\u00e9bordements et des dess\u00e8chements, ceux de nos d\u00e9sordres climatiques, puis peut-\u00eatre, in fine se laisser bercer, et ondoyer avec nous dans un environnement d&rsquo;une \u00ab\u00a0famili\u00e8re \u00e9tranget\u00e9\u00a0\u00bb.\u00a0\u00bb<br><strong>Laurence de la Fuente<\/strong><\/p>\n\n\n\n<figure class=\"wp-block-image size-large\"><a href=\"https:\/\/veroniquelamare.fr\/wp-content\/uploads\/2025\/11\/Nuit_Verte_2025_Pensiondefamille_\u00a9Malo_Legrand.jpg\" target=\"_blank\" rel=\"noreferrer noopener\"><img decoding=\"async\" loading=\"lazy\" width=\"644\" height=\"483\" src=\"https:\/\/veroniquelamare.fr\/wp-content\/uploads\/2025\/11\/Nuit_Verte_2025_Pensiondefamille_\u00a9Malo_Legrand-644x483.jpg\" alt=\"\" class=\"wp-image-3765\" srcset=\"https:\/\/veroniquelamare.fr\/wp-content\/uploads\/2025\/11\/Nuit_Verte_2025_Pensiondefamille_\u00a9Malo_Legrand-644x483.jpg 644w, https:\/\/veroniquelamare.fr\/wp-content\/uploads\/2025\/11\/Nuit_Verte_2025_Pensiondefamille_\u00a9Malo_Legrand-300x225.jpg 300w, https:\/\/veroniquelamare.fr\/wp-content\/uploads\/2025\/11\/Nuit_Verte_2025_Pensiondefamille_\u00a9Malo_Legrand-768x576.jpg 768w, https:\/\/veroniquelamare.fr\/wp-content\/uploads\/2025\/11\/Nuit_Verte_2025_Pensiondefamille_\u00a9Malo_Legrand.jpg 1200w\" sizes=\"(max-width: 644px) 100vw, 644px\" \/><\/a><\/figure>\n\n\n\n<p style=\"font-size:11px\">photo Malo Legrand pour La Nuit Verte &#8211; Biennale Panoramas, Lormont, 2025<\/p>\n\n\n\n<figure class=\"wp-block-embed is-type-video is-provider-youtube wp-block-embed-youtube wp-embed-aspect-16-9 wp-has-aspect-ratio\"><div class=\"wp-block-embed__wrapper\">\n<iframe loading=\"lazy\" title=\"Espaces aquaphoniques- Nuit verte 2025\/ Performance- Extraits\" width=\"660\" height=\"371\" src=\"https:\/\/www.youtube.com\/embed\/MYDw2pvY0mc?feature=oembed\" frameborder=\"0\" allow=\"accelerometer; autoplay; clipboard-write; encrypted-media; gyroscope; picture-in-picture; web-share\" referrerpolicy=\"strict-origin-when-cross-origin\" allowfullscreen><\/iframe>\n<\/div><\/figure>\n\n\n\n<p><\/p>\n\n\n\n<p class=\"has-dark-gray-color has-text-color\" style=\"font-size:11px\">____________________<br>*production Pension de Famille \/ Nuit Verte &#8211; Biennale Panoramas, avec le soutien de la ville de Lormont, du d\u00e9partement de la Gironde, de l&rsquo;aide \u00e0 la r\u00e9sidence de l&rsquo;iddac, et le soutien de la Villa Valmont et du CNL pour l&rsquo;\u00e9criture.<\/p>\n","protected":false},"excerpt":{"rendered":"<p>2025____________________ photo Barbara Fecchio pour La Nuit Verte &#8211; Biennale Panoramas, Lormont, 2025 \u00ab\u00a0Au d\u00e9part, il y a un texte \u00e9crit par l&rsquo;autrice et metteure en sc\u00e8ne Laurence de la Fuente, un texte po\u00e9tique, inventaire ludique et sonore des images et manifestations aquatiques. L&rsquo;ouvrage avance par cercles concentriques, en jetant des cailloux en ricochets sonores &hellip; <a href=\"https:\/\/veroniquelamare.fr\/index.php\/espaces-aquaphoniques\/\" class=\"more-link\">Continuer la lecture de <span class=\"screen-reader-text\">Espaces aquaphoniques<\/span><\/a><\/p>\n","protected":false},"author":1,"featured_media":0,"parent":0,"menu_order":0,"comment_status":"closed","ping_status":"closed","template":"","meta":[],"_links":{"self":[{"href":"https:\/\/veroniquelamare.fr\/index.php\/wp-json\/wp\/v2\/pages\/3759"}],"collection":[{"href":"https:\/\/veroniquelamare.fr\/index.php\/wp-json\/wp\/v2\/pages"}],"about":[{"href":"https:\/\/veroniquelamare.fr\/index.php\/wp-json\/wp\/v2\/types\/page"}],"author":[{"embeddable":true,"href":"https:\/\/veroniquelamare.fr\/index.php\/wp-json\/wp\/v2\/users\/1"}],"replies":[{"embeddable":true,"href":"https:\/\/veroniquelamare.fr\/index.php\/wp-json\/wp\/v2\/comments?post=3759"}],"version-history":[{"count":12,"href":"https:\/\/veroniquelamare.fr\/index.php\/wp-json\/wp\/v2\/pages\/3759\/revisions"}],"predecessor-version":[{"id":4047,"href":"https:\/\/veroniquelamare.fr\/index.php\/wp-json\/wp\/v2\/pages\/3759\/revisions\/4047"}],"wp:attachment":[{"href":"https:\/\/veroniquelamare.fr\/index.php\/wp-json\/wp\/v2\/media?parent=3759"}],"curies":[{"name":"wp","href":"https:\/\/api.w.org\/{rel}","templated":true}]}}