{"id":530,"date":"2016-03-10T20:53:20","date_gmt":"2016-03-10T19:53:20","guid":{"rendered":"http:\/\/veroniquelamare.fr\/?page_id=530"},"modified":"2026-02-19T14:10:43","modified_gmt":"2026-02-19T13:10:43","slug":"en-cours","status":"publish","type":"page","link":"https:\/\/veroniquelamare.fr\/index.php\/en-cours\/","title":{"rendered":"actualit\u00e9"},"content":{"rendered":"<p>\u2014\u2014\u2014\u2014\u2014\u2014\u2014\u2014\u2014\u2014\u2014\u2014\u2014\u2014\u2014\u2014\u2014\u2014\u2014\u2014\u2014\u2014\u2014\u2014\u2014\u2014\u2014\u2014\u2014\u2014\u2014<\/p>\n<p>2026<\/p>\n<p><img decoding=\"async\" loading=\"lazy\" class=\"alignnone size-medium wp-image-3968\" src=\"https:\/\/veroniquelamare.fr\/wp-content\/uploads\/2026\/02\/dialogues-pau-site-newsletter-300x200.jpg\" alt=\"\" width=\"300\" height=\"200\" srcset=\"https:\/\/veroniquelamare.fr\/wp-content\/uploads\/2026\/02\/dialogues-pau-site-newsletter-300x200.jpg 300w, https:\/\/veroniquelamare.fr\/wp-content\/uploads\/2026\/02\/dialogues-pau-site-newsletter-644x429.jpg 644w, https:\/\/veroniquelamare.fr\/wp-content\/uploads\/2026\/02\/dialogues-pau-site-newsletter-768x512.jpg 768w, https:\/\/veroniquelamare.fr\/wp-content\/uploads\/2026\/02\/dialogues-pau-site-newsletter-1536x1024.jpg 1536w, https:\/\/veroniquelamare.fr\/wp-content\/uploads\/2026\/02\/dialogues-pau-site-newsletter.jpg 2025w\" sizes=\"(max-width: 300px) 100vw, 300px\" \/><br \/>\n<a href=\"https:\/\/dda-nouvelle-aquitaine.org\/Dialogues-5\" target=\"_blank\" rel=\"noopener\" data-wplink-edit=\"true\">Dialogues #5<\/a><br \/>\nPortraits film\u00e9s &#8211; V\u00e9ronique Lamare et Aur\u00e9lien Mauplot<br \/>\nLundi 9 mars 2026 de 18h \u00e0 20h<br \/>\nAuditorium de l&rsquo;\u00c9SAD Pyr\u00e9n\u00e9es &#8211; Pau<\/p>\n<p>\u2014\u2014\u2014\u2014\u2014\u2014\u2014\u2014\u2014\u2014\u2014\u2014\u2014\u2014\u2014\u2014\u2014\u2014\u2014\u2014\u2014\u2014\u2014\u2014\u2014\u2014\u2014\u2014\u2014\u2014\u2014<\/p>\n<p>2026<\/p>\n<p><a href=\"https:\/\/veroniquelamare.fr\/wp-content\/uploads\/2026\/01\/poipoi-folyo.jpg\" target=\"_blank\" rel=\"noopener\"><img decoding=\"async\" loading=\"lazy\" class=\"wp-image-3821 size-medium alignleft\" src=\"https:\/\/veroniquelamare.fr\/wp-content\/uploads\/2026\/01\/poipoi-folyo-212x300.jpg\" alt=\"\" width=\"212\" height=\"300\" srcset=\"https:\/\/veroniquelamare.fr\/wp-content\/uploads\/2026\/01\/poipoi-folyo-212x300.jpg 212w, https:\/\/veroniquelamare.fr\/wp-content\/uploads\/2026\/01\/poipoi-folyo.jpg 595w\" sizes=\"(max-width: 212px) 100vw, 212px\" \/><\/a><a href=\"https:\/\/veroniquelamare.fr\/wp-content\/uploads\/2026\/01\/poipoi-folyo-verso.jpg\" target=\"_blank\" rel=\"noopener\"><img decoding=\"async\" loading=\"lazy\" class=\"alignleft wp-image-3824 size-medium\" src=\"https:\/\/veroniquelamare.fr\/wp-content\/uploads\/2026\/01\/poipoi-folyo-verso-212x300.jpg\" alt=\"\" width=\"212\" height=\"300\" srcset=\"https:\/\/veroniquelamare.fr\/wp-content\/uploads\/2026\/01\/poipoi-folyo-verso-212x300.jpg 212w, https:\/\/veroniquelamare.fr\/wp-content\/uploads\/2026\/01\/poipoi-folyo-verso.jpg 595w\" sizes=\"(max-width: 212px) 100vw, 212px\" \/><\/a><\/p>\n","protected":false},"excerpt":{"rendered":"<p>\u2014\u2014\u2014\u2014\u2014\u2014\u2014\u2014\u2014\u2014\u2014\u2014\u2014\u2014\u2014\u2014\u2014\u2014\u2014\u2014\u2014\u2014\u2014\u2014\u2014\u2014\u2014\u2014\u2014\u2014\u2014 2026 Dialogues #5 Portraits film\u00e9s &#8211; V\u00e9ronique Lamare et Aur\u00e9lien Mauplot Lundi 9 mars 2026 de 18h \u00e0 20h Auditorium de l&rsquo;\u00c9SAD Pyr\u00e9n\u00e9es &#8211; Pau \u2014\u2014\u2014\u2014\u2014\u2014\u2014\u2014\u2014\u2014\u2014\u2014\u2014\u2014\u2014\u2014\u2014\u2014\u2014\u2014\u2014\u2014\u2014\u2014\u2014\u2014\u2014\u2014\u2014\u2014\u2014 2026<\/p>\n","protected":false},"author":1,"featured_media":0,"parent":0,"menu_order":17,"comment_status":"closed","ping_status":"closed","template":"","meta":[],"_links":{"self":[{"href":"https:\/\/veroniquelamare.fr\/index.php\/wp-json\/wp\/v2\/pages\/530"}],"collection":[{"href":"https:\/\/veroniquelamare.fr\/index.php\/wp-json\/wp\/v2\/pages"}],"about":[{"href":"https:\/\/veroniquelamare.fr\/index.php\/wp-json\/wp\/v2\/types\/page"}],"author":[{"embeddable":true,"href":"https:\/\/veroniquelamare.fr\/index.php\/wp-json\/wp\/v2\/users\/1"}],"replies":[{"embeddable":true,"href":"https:\/\/veroniquelamare.fr\/index.php\/wp-json\/wp\/v2\/comments?post=530"}],"version-history":[{"count":328,"href":"https:\/\/veroniquelamare.fr\/index.php\/wp-json\/wp\/v2\/pages\/530\/revisions"}],"predecessor-version":[{"id":4073,"href":"https:\/\/veroniquelamare.fr\/index.php\/wp-json\/wp\/v2\/pages\/530\/revisions\/4073"}],"wp:attachment":[{"href":"https:\/\/veroniquelamare.fr\/index.php\/wp-json\/wp\/v2\/media?parent=530"}],"curies":[{"name":"wp","href":"https:\/\/api.w.org\/{rel}","templated":true}]}}