{"id":533,"date":"2016-03-10T20:55:16","date_gmt":"2016-03-10T19:55:16","guid":{"rendered":"http:\/\/veroniquelamare.fr\/?page_id=533"},"modified":"2025-06-09T08:53:02","modified_gmt":"2025-06-09T07:53:02","slug":"cv","status":"publish","type":"page","link":"https:\/\/veroniquelamare.fr\/index.php\/cv\/","title":{"rendered":"cv"},"content":{"rendered":"<p><span style=\"color: #333333;\"><a href=\"https:\/\/www.instagram.com\/veroniquelamare\/\" target=\"_blank\" rel=\"noopener noreferrer\">https:\/\/www.instagram.com\/veroniquelamare\/<\/a><\/span><\/p>\n<p>contact : v.lamare2@free.fr<\/p>\n<p><strong>\u00c9tudes<\/strong><br \/>\nD.N.S.E.P. \u00c9cole des Beaux-Arts de Bordeaux, 2001 (f\u00e9licitations du jury)<br \/>\n<span style=\"color: #333333;\">Ma\u00eetrise de psychologie clinique, Universit\u00e9 Lumi\u00e8re Lyon2, 1994<\/span><\/p>\n<p><span style=\"color: #333333;\"><strong>Expositions personnelles<br \/>\n<\/strong><i>Suivant l&rsquo;obliquit\u00e9<\/i> \/ 14 rue Leyteire \/ Bordeaux \/ 2023<strong><br \/>\n<\/strong><a href=\"https:\/\/www.edab-fdd.veroniquelamare.fr\/\" target=\"_blank\" rel=\"noopener\"><i>Nous ne confierons pas nos corps au repos<\/i><\/a> \/ Fondation du doute \/ Blois \/ 2021<strong><br \/>\n<\/strong><i>Autoportraits en cheveux<\/i> \/ 14 rue Leyteire \/ Bordeaux \/ 2020<strong><br \/>\n<\/strong><em><span style=\"color: #808080;\"><span style=\"color: #333333;\">\u00c0 la but\u00e9e #2<\/span><\/span><\/em><span style=\"color: #808080;\">\u00a0<span style=\"color: #333333;\">[performance avec E.Ballang\u00e9]<\/span><\/span> \/ Continuum \/ Bordeaux \/ 2019<strong><br \/>\n<\/strong><span style=\"color: #808080;\"><em><span style=\"color: #333333;\">\u00c0 la but\u00e9e #1<\/span><\/em>\u00a0<span style=\"color: #333333;\">[performance avec E.Ballang\u00e9]<\/span><\/span> \/ Rezdechauss\u00e9e \/ Bordeaux \/ 2018<strong><br \/>\n<\/strong><em>Partie de z\u00e8bre<\/em> \/ Rezdechauss\u00e9e \/ Bordeaux \/ 2017<br \/>\n<em><a href=\"http:\/\/www.lagence-creative.com\/news-152-ART-TRAINING__FOCUS_SUR_VaEacute_RONIQUE_LAMARE__GALERIE_TINBOX_aAgrave__OXYGaEgrave_NE_RENCONTRE-TALK_AVEC_L_ARTISTE_MERCREDI_3_FaEacute_VRIER_aAgrave__15H30_EXPOSITION_JUSQU_AU_24_FaEacute_VRIER.html\" target=\"_blank\" rel=\"noopener noreferrer\">Focus<\/a><\/em>\u00a0 \/ L&rsquo;agence cr\u00e9ative \/ Bordeaux \/ 2016<br \/>\n<em><a style=\"color: #333333;\" href=\"https:\/\/veroniquelamare.fr\/index.php\/2015\/02\/24\/matrices\/\" target=\"_blank\" rel=\"noopener noreferrer\">Matrices<\/a><\/em>\u00a0 \/ Rezdechauss\u00e9e \/ Bordeaux \/ 2015<br \/>\n<em><a style=\"color: #333333;\" href=\"https:\/\/veroniquelamare.fr\/index.php\/2016\/03\/25\/de-pied-en-cap\/\" target=\"_blank\" rel=\"noopener noreferrer\">De pied en \u00a0cap<\/a><\/em>\u00a0 \/ Abbaye aux Dames \/ Saintes \/ 2014<\/span><br \/>\n<span style=\"color: #333333;\"> <em><a style=\"color: #333333;\" href=\"http:\/\/mpmblog.com\/2014\/06\/26\/a-fleur-du-sol\/\" target=\"_blank\" rel=\"noopener noreferrer\">\u00c0\u00a0fleur de sol<\/a><\/em>\u00a0 \/ MP Mignot architecte \/ Bordeaux \/ 2014<\/span><br \/>\n<span style=\"color: #333333;\"> <em><a style=\"color: #333333;\" href=\"https:\/\/veroniquelamare.fr\/index.php\/2016\/03\/10\/deplacements\/\" target=\"_blank\" rel=\"noopener noreferrer\">D\u00e9placement(s)<\/a><\/em>\u00a0 \/ maison du projet Bassins \u00e0 flot &amp; les vivres de l&rsquo;art \/ Bordeaux \/ 2014<\/span><br \/>\n<span style=\"color: #333333;\"> <em><a style=\"color: #333333;\" href=\"https:\/\/veroniquelamare.fr\/index.php\/2020\/03\/10\/sculpter-la-distance\/\" target=\"_blank\" rel=\"noopener noreferrer\">Sculpter la distance<\/a><\/em>\u00a0 \/ Lieu En Voie de D\u00e9placement \/ Lyon \/ 2014<br \/>\n<em><a style=\"color: #333333;\" href=\"https:\/\/veroniquelamare.fr\/index.php\/2016\/03\/24\/tout-est-en-ordre-alors-je-peux-partir\/\" target=\"_blank\" rel=\"noopener noreferrer\">&#8211; Tout est en ordre. &#8211; Alors, je peux partir.<\/a><\/em>\u00a0 \/ La laiterie \/ Bordeaux \/ 2012<\/span><br \/>\n<span style=\"color: #333333;\"> <em><a style=\"color: #333333;\" href=\"https:\/\/veroniquelamare.fr\/index.php\/2016\/03\/10\/birmingham-reperages\/\" target=\"_blank\" rel=\"noopener noreferrer\">[Birmingham Rep\u00e9rages]<\/a><\/em>\u00a0 \/ Les glaci\u00e8res de Caud\u00e9ran \/ Bordeaux \/ 2012<br \/>\n<em>D\u00e9penses des corps<\/em>\u00a0 \/ Le hangar en bois \/ Bordeaux \/ 2009<br \/>\n<em>Sapins<\/em>\u00a0 \/ Librairie Mollat \/ Bordeaux \/ 2007<br \/>\n<em>Carte blanche \u00e0 V\u00e9ronique Lamare<\/em>\u00a0 \/ TNT Manufacture de chaussures \/ Bordeaux \/ 2003<\/span><\/p>\n<p><span style=\"color: #333333;\"><strong>Expositions collectives<br \/>\n<\/strong><em>Habiter le monde <\/em>\/ Les arts au mur artoth\u00e8que \/ Pessac \/ 2023<strong><br \/>\n<\/strong><em>Panoramiques <\/em>\/ Lormont \/ 2023<strong><br \/>\n<\/strong><em>Cartographie m\u00e9tropolitaine <\/em>\/ H\u00f4tel de Bordeaux M\u00e9tropole \/ 2022<strong><br \/>\n<\/strong><em>Les Incartades <\/em>\/ Montaut (40) \/ 2022<strong><br \/>\n<\/strong><em>Nuit de flou <\/em>&#8211; Z\u00e9bra 3 \/ Fabrique Pola \/ Bordeaux \/ 2022<strong><br \/>\n<\/strong><em>Capitale Lumi\u00e8re 2 <\/em>&#8211; Montagne Froide \/ Laviron \/ 2022<em><br \/>\nRuissellement, Serpent et ruisseau d&rsquo;Ars<\/em> \/ Parc Peixotto &#8211; Talence \/ 2021<strong><br \/>\n<\/strong><a href=\"https:\/\/veroniquelamare.fr\/index.php\/2021\/10\/17\/rendez-vous-aux-jardins-2021\/\" target=\"_blank\" rel=\"noopener noreferrer\"><em>Rendez-vous aux jardins<\/em><\/a> \/ Bordeaux \/ 2021<strong><br \/>\n<\/strong><em>Enjoy<\/em>\u00a0\/ Bordeaux \/ 2020<strong><br \/>\n<\/strong><em>Diffractis au jardin #5<\/em>\u00a0\/ Bordeaux \/ 2020<strong><span style=\"color: #999999;\"><em><br \/>\n<\/em><\/span><\/strong><em>BARDO [volet2]<\/em> \/ Lot-et-Garonne \/ 2020<strong><span style=\"color: #999999;\"><em><br \/>\n<\/em><\/span><\/strong><em>Human Nature Nature Humaine 2<\/em><strong> \/<\/strong> Jardin Botanique \/ Bordeaux \/ 2019-2020<strong><br \/>\n<\/strong><span style=\"color: #999999;\"><span style=\"color: #333333;\"><a style=\"color: #333333;\" href=\"https:\/\/veroniquelamare.fr\/index.php\/en-collaboration\/bardo\/\" target=\"_blank\" rel=\"noopener noreferrer\"><em>BARDO [volet1]<\/em><\/a> \/ Lot-et-Garonne \/ 2019<\/span><em><br \/>\n<span style=\"color: #333333;\">Projections \u00ab\u00a0Auloff\u00e9e, un itin\u00e9raire\u00a0\u00bb<\/span><\/em><span style=\"color: #333333;\"> \/ Continuum \/ WAC Bordeaux \/ 2019<\/span><\/span><strong><br \/>\n<\/strong><em>Diffractis au jardin #4<\/em> \/ Bordeaux \/ 2019<strong><br \/>\n<\/strong><a href=\"https:\/\/www.elisegirardot.com\/auloffee-un-itineraire\" target=\"_blank\" rel=\"noopener noreferrer\"><span style=\"color: #999999;\"><em><span style=\"color: #333333;\">Vers les dunes : l&rsquo;auloff\u00e9e<\/span><\/em><\/span><\/a> \/ L\u00e8ge-Cap-Ferret \/ 2019<strong><br \/>\n<\/strong><\/span><span style=\"color: #333333;\"><i><em>Human Nature Nature Humaine<\/em> 1 \/<\/i> Forum des Arts \/ Talence \/ 2019<strong><br \/>\n<\/strong><i>Faire du neuf avec du neuf,\u2026 \/<\/i>\u00a0Collectif 0,100 \/ Galerie Eponyme \/ Bordeaux \/ 2019<strong><br \/>\n<\/strong><a style=\"color: #333333;\" href=\"https:\/\/veroniquelamare.fr\/index.php\/en-collaboration\/les-arpenteurs\/\" target=\"_blank\" rel=\"noopener noreferrer\"><em>Les Arpenteurs <\/em><\/a>\/ Institut Bergoni\u00e9 \/ Bordeaux \/ 2018<br \/>\n<a href=\"https:\/\/www.elisegirardot.com\/v-a-c-a-n-c-e\" target=\"_blank\" rel=\"noopener\"><em>v a c a n c e<\/em><\/a>\u00a0 \/ March\u00e9 de Lerme\u00a0\/ Bordeaux \/ 2017<strong><br \/>\n<\/strong><em>Cairnhill<\/em> \/ Rendez-vous aux jardins \/ Rioux-Martin \/ 2017<strong><br \/>\n<\/strong><em>ORGANO<\/em>\u00a0 \/ Les vivres de l&rsquo;art \/ Bordeaux \/ 2017<strong><br \/>\n<\/strong><a href=\"https:\/\/veroniquelamare.fr\/index.php\/2016\/12\/09\/juste-preleves-de-reels\/\" target=\"_blank\" rel=\"noopener noreferrer\"><em>Juste pr\u00e9lev\u00e9s de r\u00e9els<\/em><\/a> \/ Chapelle Saint-Loup\u00a0 \/ Saint-Loub\u00e8s\u00a0\/ 2016<br \/>\n<a style=\"color: #333333;\" href=\"https:\/\/veroniquelamare.fr\/index.php\/2017\/01\/11\/meet2-metavilla\/\" target=\"_blank\" rel=\"noopener noreferrer\"><em>MEET#2 &#8211; Dialogue<\/em><\/a>\u00a0\/\u00a0Metavilla \/ Bordeaux \/ 2016<br \/>\n<i>100%<\/i> \u00a0\/ collectif 0,100\u00a0 \/ Bordeaux \/ 2016<strong><br \/>\n<\/strong><\/span><span style=\"color: #333333;\"><a href=\"https:\/\/veroniquelamare.fr\/index.php\/dialogue\/\" target=\"_blank\" rel=\"noopener noreferrer\"><em>D\u00e9raciner<\/em><\/a>\u00a0\u00a0\/ mac \u00a0\/ Birmingham\u00a0(uk) \/ 2016<strong><br \/>\n<\/strong><\/span><span style=\"color: #333333;\"><em><a href=\"https:\/\/veroniquelamare.fr\/index.php\/2016\/11\/05\/icila\/\" target=\"_blank\" rel=\"noopener noreferrer\">ICI\/L\u00e0<\/a>\u00a0<\/em> \/ galerie Ella Dune \/ Arcachon \/ 2016<strong><br \/>\n<\/strong><a href=\"https:\/\/veroniquelamare.fr\/index.php\/2016\/09\/04\/supernaturel\/\" target=\"_blank\" rel=\"noopener noreferrer\"><em>SUPERNATUREL<\/em><\/a><strong>\u00a0<\/strong>\u00a0[art et paysage] \/ Bois Bel Air &#8211; Le Haillan \/ 2016<strong><br \/>\n<\/strong><a href=\"http:\/\/jardin-cairnhill.tumblr.com\/post\/145615684584\/veroniquelamare-l\u0153il-humain-peut-distinguer\" target=\"_blank\" rel=\"noopener noreferrer\"><em>Cairnhill<\/em> \/ Rendez-vous aux jardins<\/a>\u00a0 \/ Rioux-Martin \/ 2016<strong><br \/>\n<\/strong><\/span><span style=\"color: #333333;\"><em>Praxis 1<\/em>\u00a0 \/ La Manufacture Atlantique \/ Bordeaux \/ 2015<br \/>\n<a href=\"https:\/\/www.elisegirardot.com\/je-n-ai-rien-a-te-dire\" target=\"_blank\" rel=\"noopener\"><em>Je n&rsquo;ai rien \u00e0 te dire sinon que \u2026<\/em><\/a> \/ Rezdechauss\u00e9e \/ Bordeaux \/ 2015<\/span><br \/>\n<span style=\"color: #333333;\"> <em><a style=\"color: #333333;\" href=\"http:\/\/veroniquelamare.tumblr.com\/post\/123187870363\/optogramme-exposition-\u00e0-la-laiterie-bordeaux\" target=\"_blank\" rel=\"noopener noreferrer\">Optogramme<\/a><\/em>\u00a0 \/ La Laiterie \/ Bordeaux \/ 2015<\/span><br \/>\n<span style=\"color: #333333;\"> <em>Cairnhill <\/em>\/ Rendez-vous aux jardins \/ Rioux-Martin \/ 2015<\/span><br \/>\n<span style=\"color: #333333;\"> <em>MULT<\/em>\u00a0 \/ L&rsquo;agence cr\u00e9ative \/ Bordeaux \/ 2014<br \/>\n<a style=\"color: #333333;\" href=\"http:\/\/veroniquelamare.tumblr.com\/post\/87389142198\/cairnhillwax-les-rendez-vous-aux-jardins\" target=\"_blank\" rel=\"noopener noreferrer\"><em>Cairnhill<\/em> \/ Rendez-vous aux jardins<\/a>\u00a0 \/ Rioux-Martin \/ 2014<\/span><br \/>\n<span style=\"color: #333333;\"> <em>pr\u00e9sents<\/em>\u00a0 \/ Rezdechauss\u00e9e \/ Bordeaux \/ 2014<\/span><br \/>\n<span style=\"color: #333333;\"> <em><a style=\"color: #333333;\" href=\"http:\/\/veroniquelamare.tumblr.com\/post\/96103270573\/dialogue-uk-fr-rugby-art-gallery-and-museum\" target=\"_blank\" rel=\"noopener noreferrer\">Bring to the table<\/a><\/em>\u00a0 \/ Rugby Art Gallery and Museum \/ Rugby (uk) \/ 2014<\/span><br \/>\n<span style=\"color: #333333;\"> <em>1 coll\u00e8ge, 1\u0153uvre, 5 regards sur le 1% artistique<\/em>\u00a0\u00a0\/ Conseil G\u00e9n\u00e9ral \/ Bordeaux \/ 2013<\/span><br \/>\n<span style=\"color: #333333;\"> <em>Allotment<\/em>\u00a0 \/ mac \/ Birmingham (uk) \/ 2012 \u00a0<\/span><br \/>\n<span style=\"color: #333333;\"> <em>M\u00e9ta-campement<\/em>\u00a0 \/ Printemps de l&rsquo;Art Contemporain \/ Marseille \/ 2012<\/span><br \/>\n<span style=\"color: #333333;\"> <em>Faut voir !\u2026<\/em>\u00a0 \/ Traverse Video \/ Toulouse \/ 2012<\/span><br \/>\n<span style=\"color: #333333;\"> <em>Chimie show<\/em>\u00a0 \/ Cap Sciences \/ Bordeaux \/ 2011<\/span><br \/>\n<span style=\"color: #333333;\"> <em>Exodo-Evento<\/em>\u00a0 \/ L&rsquo;agence cr\u00e9ative \/ Bordeaux \/ 2011<\/span><br \/>\n<span style=\"color: #333333;\"><em>Transitions<\/em> \/ Institue of Art and Design \/ Birmingham (uk) \/ 2011<\/span><br \/>\n<span style=\"color: #333333;\"> <em><a style=\"color: #333333;\" href=\"https:\/\/veroniquelamare.fr\/index.php\/arp\/\" target=\"_blank\" rel=\"noopener noreferrer\">ARP<\/a><\/em>\u00a0 \/ le 308 Maison de l&rsquo;architecture \/ Bordeaux \/ 2011<\/span><br \/>\n<span style=\"color: #333333;\"> <em>Argonne<\/em>\u00a0 \/ L&rsquo;agence cr\u00e9ative \/ Bordeaux \/ 2010 \u00a0<\/span><br \/>\n<span style=\"color: #333333;\"> <em>\u00e7a vaut la peine\u2026<\/em>\u00a0 \/ Traverse Video \/ Toulouse \/ 2010 \u00a0<\/span><br \/>\n<span style=\"color: #333333;\"> <em>Diffusion Video<\/em>\u00a0 \/ Arr\u00eat sur l&rsquo;Image \/ Bordeaux \/ 2009<\/span><br \/>\n<span style=\"color: #333333;\"> <em>Re-Place<\/em>\u00a0 \/ The Works Gallery \/ Birmingham (uk) \/ 2009<\/span><br \/>\n<span style=\"color: #333333;\"> <em>Congr\u00e8s \u00e0 g\u00e9om\u00e9trie inverse<\/em> [JP Thibeau] \u00a0\/ La Force de l&rsquo;Art 02 \/ Paris \/ 2009 \u00a0<\/span><br \/>\n<span style=\"color: #333333;\"> <em>Art Chartrons<\/em> \/ Bordeaux \/ 2008<\/span><br \/>\n<span style=\"color: #333333;\"> <em>Bordeaux vid\u00e9os<\/em>\u00a0 \/ La Nouvelle Galerie \/ Bergerac \/ 2008<\/span><br \/>\n<span style=\"color: #333333;\"> <em>Lanoire &amp; Courrian Le p\u00f4le agricole de Chasse-Spleen<\/em>\u00a0 \/ arc en r\u00eave \/ Bordeaux \/ 2007<\/span><br \/>\n<span style=\"color: #333333;\"> <em>Grand Atelier 06<\/em>\u00a0 \/ Ecole des beaux-arts \/ Bordeaux \/ 2007 \u00a0<\/span><br \/>\n<span style=\"color: #333333;\"> <em>\u2026 au bord des protocoles m\u00e9ta<\/em>\u00a0[JP Thibeau] \u00a0\/ Palais de Tokyo \/ Paris \/ 2006<\/span><br \/>\n<span style=\"color: #333333;\"> <em>Les marges du r\u00e9el<\/em>\u00a0 \/ Traverse Video \/ Toulouse \/ 2004<\/span><br \/>\n<span style=\"color: #333333;\"> <em>Ma Non Troppo<\/em>\u00a0 \/ Galerie du Triangle \/ Bordeaux \/ 2003 \u00a0<\/span><br \/>\n<span style=\"color: #333333;\"> <em>Superflux 02<\/em>\u00a0 \/ Galerie Roger Tator \/ Lyon \/ 2002<\/span><br \/>\n<span style=\"color: #333333;\"> <em>Corps et identit\u00e9<\/em>\u00a0 \/ Forum de l&rsquo;image \/ Casa \/ Agen \/ 2002<\/span><br \/>\n<span style=\"color: #333333;\"> <em>Video<\/em>\u00a0 \/ Goethe Institut \/ Bordeaux \/ 2001<\/span><\/p>\n<p><strong>Arts &amp; Sciences<br \/>\n<\/strong><em>FASTE 6 [forum arts sciences technologies et \u00e9ducation]<\/em> \/ Creil \/ mars 2018<br \/>\n<em>FACTS [festival Arts et Sciences]<\/em> \/ Bordeaux \/ 2017<br \/>\n<em>WEEK 26<\/em> \/ Universit\u00e9 Bordeaux \/ 2017<br \/>\n<em>EXPERIMENTA [salon arts sciences et technologies]<\/em> \/ Grenoble \/ octobre 2016<br \/>\n<em>L&rsquo;IRr\u00e9alit\u00e9<\/em>\u00a0 \/ Nuit des Chercheur.e.s\u00a0&#8211; Cap Sciences \/ Bordeaux \/ septembre\u00a02016<br \/>\n<em>FACTS [festival Arts et Sciences]<\/em> \/ Forum des arts \/ Talence \/ 2015<br \/>\n<em>QIRT<\/em> [Quantitative InfraRed Thermography] &#8211; 12\u00e8me conf\u00e9rence internationale\u00a0\/ Talence \/ 2014<\/p>\n<p><strong>Commandes publiques &#8211; R\u00e9sidences &#8211; Bourses<br \/>\n<\/strong>2024\u00a0 Commande publique \/ D\u00e9partement de la Gironde<br \/>\n[cr\u00e9ation vid\u00e9o documentant la r\u00e9alisation du 1% artistique du coll\u00e8ge J.Ellul]<strong><br \/>\n<\/strong>2021\u00a0 Aide \u00e0 la production \/ R\u00e9gion Nouvelle-Aquitaine<br \/>\n2015-2018\u00a0 Arts &amp; Sciences \/ r\u00e9sidence \u00e0 l&rsquo;I2M-Tr\u00e8fle\u00a0\/ IdEx Bordeaux<br \/>\n2010 \u00a0ARP \/ r\u00e9sidence \u00e0 l&rsquo;agence d&rsquo;architecture <a href=\"http:\/\/mpmblog.com\" target=\"_blank\" rel=\"noopener noreferrer\">MPM<\/a>\u00a0\/ CG33<br \/>\n2010 \u00a0Commande publique \/ Conseil G\u00e9n\u00e9ral de la Gironde<br \/>\n[commande vid\u00e9o sur la r\u00e9alisation du 1% du coll\u00e8ge\u00a0de Saint-Symphorien]<br \/>\n2004 \u00a0Aide individuelle \u00e0 la cr\u00e9ation \/ DRAC Aquitaine<\/p>\n<p><strong>Enseignement &#8211; Interventions &#8211; M\u00e9diation<\/strong><br \/>\nVacation &#8211; enseignement vid\u00e9o-performance \/ \u00c9cole Sup\u00e9rieure d&rsquo;Art des Pyr\u00e9n\u00e9es \/ Pau \/ 2017-2018<br \/>\nIntervention &#8211; <a href=\"https:\/\/corinnemelin.org\/2017\/03\/13\/participation-a-la-journee-detude-artistes-femmes-les-formes-de-lengagement-universite-de-pau-17-mars-2017\/\" target=\"_blank\" rel=\"noopener noreferrer\">Journ\u00e9e d&rsquo;\u00e9tude<\/a> : \u00ab\u00a0Artistes femmes, les formes de l&rsquo;engagement\u00a0\u00bb \/ Pau \/ 2017<br \/>\n<span style=\"color: #333333;\">M\u00e9diation culturelle \/ Biennale d&rsquo;art contemporain de Lyon 2013 \/ Lyon \/ 2013<\/span><br \/>\n<span style=\"color: #333333;\"> M\u00e9diation culturelle \/ Centre Pompidou Mobile \/ Libourne \/ 2012-201<\/span><\/p>\n<p><span style=\"color: #333333;\"><strong>Ateliers de cr\u00e9ation<br \/>\n<\/strong><em>L&rsquo;\u00e9t\u00e9 culturel<\/em> \/ les arts au mur artoth\u00e8que \/ Centres de loisir \/ Pessac \/ 2024<strong><br \/>\n<\/strong><em>\u00e7a joue !<\/em> \/ R\u00e9sidence EAC Ville de Bordeaux \/ \u00c9cole Bel Air \/ Bordeaux \/ 2024<br \/>\n<em>Habiter le monde<\/em> \/ les arts au mur artoth\u00e8que \/ \u00c9cole H. Sauguet \/ Coutras \/ 2023<strong><br \/>\n<\/strong><em>Expression argile<\/em> \/ artiste intervenante \/ H\u00f4pital de jour l&rsquo;Oiseau Lyre \/ 2011-2023<br \/>\n<em>Ateliers D\u00e9placer des jardins<\/em> \/ Z\u00e9bra 3 \/ Bordeaux<br \/>\n<em>Jump&rsquo;n Turn<\/em> \/ association Books on the move \/ Bordeaux \/ 2023<br \/>\n<em>Les Vives Voix<\/em> \/ Classe UPE2A \/ association F\u00f6hn \/ Bordeaux \/ 2023<br \/>\n<em>La beaut\u00e9 du geste<\/em> \/ CEF Sainte Eulalie \/ 2022<strong><br \/>\n<\/strong><em>Argile<\/em> \/ artiste intervenante \/ I.T.E.P Cadaujac \/ 2021-2022<strong><br \/>\n<\/strong><em>Atelier du mercredi<\/em> \/ CAPC Mus\u00e9e \/ 1er trimestre 2020<strong><br \/>\n<\/strong><em><a href=\"https:\/\/veroniquelamare.fr\/index.php\/les-mercredis-ca-sert-a-rien\/\" target=\"_blank\" rel=\"noopener noreferrer\">Les mercredis \u00e7a sert \u00e0 rien<\/a><\/em>\u00a0\/ artiste intervenante \/ association APAJH \/ CAPC Mus\u00e9e \/ Bordeaux \/ 2008-2020<strong><br \/>\n<\/strong><em>Art Training #3<\/em>\u00a0\/ atelier de cr\u00e9ation \/ Fondation du Doute \/ Blois \/ 2019<br \/>\n<em>L&rsquo;\u00eele<\/em>\u00a0\/ atelier de cr\u00e9ation \/ CADA-FranceTerred&rsquo;Asile \/ CAPC Mus\u00e9e \/ Bordeaux \/ 2019<strong><br \/>\n<\/strong><em>Mon corps artistique<\/em> \/ Temps Activit\u00e9 P\u00e9riscolaire \/ Bruges (33) \/ 2017-2018<br \/>\n<em>Art Training<\/em> &#8211; <a href=\"https:\/\/corinnemelin.org\/2017\/10\/22\/atelier-le-19-oct-2017-avec-lartiste-veronique-lamare\/\" target=\"_blank\" rel=\"noopener noreferrer\">atelier interm\u00e9dia<\/a> \/ Ecole Sup\u00e9rieure d&rsquo;Art des Pyr\u00e9n\u00e9es Pau \/ 2017<br \/>\nAtelier arts plastiques\u00a0\/ PRE cours \u00e9l\u00e9mentaire \/ Lormont\u00a0\/ 2016<br \/>\n<em>Art Training #2<\/em>\u00a0\/ atelier de cr\u00e9ation \/ Fondation du Doute \/ Blois \/ 2015<br \/>\n<em>Art Training #1<\/em>\u00a0\/ atelier de cr\u00e9ation \/ Fondation du Doute \/ Blois \/ 2014<br \/>\n<em>Formes, contre-forces<\/em>\u00a0\/ artiste intervenante (workshop) \/ Lyc\u00e9e Professionnel Blaise Pascal \/ Saint Jean d&rsquo;Angely \/ 2014<br \/>\n<em><a style=\"color: #333333;\" href=\"https:\/\/veroniquelamare.fr\/index.php\/dans-le-paysage\/\" target=\"_blank\" rel=\"noopener noreferrer\">Dans le paysage<\/a><\/em>\u00a0\/ artiste intervenante (workshop) \/ \u00e9cole J. Monnet \/ Saint Jean d&rsquo;Illac \/ 2014<br \/>\n<em><a style=\"color: #333333;\" href=\"https:\/\/veroniquelamare.fr\/index.php\/lart-aux-enfants\/\" target=\"_blank\" rel=\"noopener noreferrer\">L&rsquo;art du go\u00fbter<\/a><\/em>\u00a0\/ artiste intervenante (workshop) \/ \u00e9cole d&rsquo;art de Blois-Agglopolys \/ 2012<br \/>\n<em>Do it yourself<\/em>\u00a0\/ artiste intervenante (workshop) \/ coll\u00e8ge E.Grimaux \/ Rochefort \/ 2012<br \/>\n<em>Atelier d&rsquo;initiation \u00e0 l&rsquo;art contemporain<\/em>\u00a0\/ artiste intervenante \/ SESSAD TGP (APAJH) \/ CAPC mus\u00e9e d&rsquo;art contemporain \/ 2011-2012<br \/>\n<em><a style=\"color: #333333;\" href=\"https:\/\/veroniquelamare.fr\/index.php\/lart-aux-enfants\/\" target=\"_blank\" rel=\"noopener noreferrer\">Question de temps<\/a><\/em>\u00a0\/ artiste intervenante (workshop) \/ \u00e9cole d&rsquo;art de Blois-Agglopolys \/ 2011<br \/>\n<em><a style=\"color: #333333;\" href=\"https:\/\/veroniquelamare.fr\/index.php\/les-mardis-du-club-senior\/\" target=\"_blank\" rel=\"noopener noreferrer\">Les mardis du club senior<\/a>\u00a0\/<\/em>\u00a0artiste intervenante \/ CAPC mus\u00e9e\u00a0d&rsquo;art contemporain Bordeaux \/ 2010-2011<br \/>\n<em>L&rsquo;espace est un lieu pratiqu\u00e9<\/em>\u00a0\/ artiste intervenante (workshop) \/ Lyc\u00e9e du Mirail \u00a0\/ 2010<br \/>\n<em><a style=\"color: #333333;\" href=\"https:\/\/veroniquelamare.fr\/index.php\/de-belles-rencontres\/\" target=\"_blank\" rel=\"noopener noreferrer\">De belles rencontres<\/a><\/em>\u00a0\/ artiste intervenante (workshop) \/ \u00e9cole Th\u00e9odore Monod \/ Sadirac \/ 2010<br \/>\n<em>\u00c0\u00a0vos marques\u2026<\/em>\u00a0\/ artiste intervenante \/ Lyc\u00e9e agricole La Tour Blanche \/ Bommes \/ 2008-2009<br \/>\n<em>Atelier B\u00f4<\/em> \/ artiste intervenante (workshop) \/ CAPC mus\u00e9e d&rsquo;art contemporain \/ 2006<br \/>\n<em><a style=\"color: #333333;\" href=\"https:\/\/veroniquelamare.fr\/index.php\/boxing\/\" target=\"_blank\" rel=\"noopener noreferrer\">Grand Atelier<\/a><\/em> \/ artiste intervenante (workshop) \/ \u00e9cole des beaux-arts \/ Bordeaux \/ 2006<\/span><\/p>\n","protected":false},"excerpt":{"rendered":"<p>https:\/\/www.instagram.com\/veroniquelamare\/ contact : v.lamare2@free.fr \u00c9tudes D.N.S.E.P. \u00c9cole des Beaux-Arts de Bordeaux, 2001 (f\u00e9licitations du jury) Ma\u00eetrise de psychologie clinique, Universit\u00e9 Lumi\u00e8re Lyon2, 1994 Expositions personnelles Suivant l&rsquo;obliquit\u00e9 \/ 14 rue Leyteire \/ Bordeaux \/ 2023 Nous ne confierons pas nos corps au repos \/ Fondation du doute \/ Blois \/ 2021 Autoportraits en cheveux \/ &hellip; <a href=\"https:\/\/veroniquelamare.fr\/index.php\/cv\/\" class=\"more-link\">Continuer la lecture de <span class=\"screen-reader-text\">cv<\/span><\/a><\/p>\n","protected":false},"author":1,"featured_media":0,"parent":0,"menu_order":18,"comment_status":"closed","ping_status":"closed","template":"","meta":[],"_links":{"self":[{"href":"https:\/\/veroniquelamare.fr\/index.php\/wp-json\/wp\/v2\/pages\/533"}],"collection":[{"href":"https:\/\/veroniquelamare.fr\/index.php\/wp-json\/wp\/v2\/pages"}],"about":[{"href":"https:\/\/veroniquelamare.fr\/index.php\/wp-json\/wp\/v2\/types\/page"}],"author":[{"embeddable":true,"href":"https:\/\/veroniquelamare.fr\/index.php\/wp-json\/wp\/v2\/users\/1"}],"replies":[{"embeddable":true,"href":"https:\/\/veroniquelamare.fr\/index.php\/wp-json\/wp\/v2\/comments?post=533"}],"version-history":[{"count":197,"href":"https:\/\/veroniquelamare.fr\/index.php\/wp-json\/wp\/v2\/pages\/533\/revisions"}],"predecessor-version":[{"id":3710,"href":"https:\/\/veroniquelamare.fr\/index.php\/wp-json\/wp\/v2\/pages\/533\/revisions\/3710"}],"wp:attachment":[{"href":"https:\/\/veroniquelamare.fr\/index.php\/wp-json\/wp\/v2\/media?parent=533"}],"curies":[{"name":"wp","href":"https:\/\/api.w.org\/{rel}","templated":true}]}}