{"id":591,"date":"2016-03-11T22:43:55","date_gmt":"2016-03-11T21:43:55","guid":{"rendered":"http:\/\/veroniquelamare.fr\/?page_id=591"},"modified":"2025-06-09T09:35:15","modified_gmt":"2025-06-09T08:35:15","slug":"lart-aux-enfants","status":"publish","type":"page","link":"https:\/\/veroniquelamare.fr\/index.php\/lart-aux-enfants\/","title":{"rendered":"l&rsquo;art aux enfants"},"content":{"rendered":"<p><span style=\"color: #999999;\">2011<\/span><br \/>\n<span style=\"color: #999999;\">\u2014\u2014\u2014\u2014\u2014\u2014<\/span><\/p>\n<p><span style=\"color: #333333;\"><em><strong>TOLGA [le soleil de minuit]<\/strong><\/em><\/span><br \/>\n<span style=\"color: #333333;\"> Projet artistique r\u00e9alis\u00e9 avec les \u00e9l\u00e8ves d&rsquo;une classe de CE2<\/span><br \/>\n<span style=\"color: #333333;\"> dans le cadre du projet \u00ab\u00a0Question de temps\u00a0\u00bb produit par<\/span><br \/>\n<span style=\"color: #333333;\"> l&rsquo;\u00e9cole d&rsquo;art de Blois-Agglopolys en 2011.<\/span><br \/>\n<span style=\"color: #333333;\"> Le soleil de minuit d\u00e9signe une p\u00e9riode de l&rsquo;ann\u00e9e durant<\/span><br \/>\n<span style=\"color: #333333;\"> laquelle le soleil ne se couche pas. Ce ph\u00e9nom\u00e8ne se produit<\/span><br \/>\n<span style=\"color: #333333;\"> en juin dans l&rsquo;h\u00e9misph\u00e8re nord aux hautes latitudes proches<\/span><br \/>\n<span style=\"color: #333333;\"> du cercle polaire. C&rsquo;est au c\u0153ur de la r\u00e9serve naturelle de<\/span><br \/>\n<span style=\"color: #333333;\"> Grand Pierre et Vitain, \u00e0 Marolles et Averdon, que les enf-<\/span><br \/>\n<span style=\"color: #333333;\"> ants vivent cette exp\u00e9rience qui rev\u00eat un aspect \u00e9trange\u00a0<\/span><br \/>\n<span style=\"color: #333333;\"> et surnaturel, propice \u00e0 un r\u00e9cit imaginaire et fantasma-<\/span><br \/>\n<span style=\"color: #333333;\"> gorique. \u00c0\u00a0mesure que l&rsquo;on chemine dans la r\u00e9serve notre<\/span><br \/>\n<span style=\"color: #333333;\"> perception est comme alt\u00e9r\u00e9e, la vue se brouille, le temps<\/span><br \/>\n<span style=\"color: #333333;\"> semble se dilater, le paysage se transforme, on assiste<\/span><br \/>\n<span style=\"color: #696969;\"><span style=\"color: #333333;\">\u00e0 des apparitions inqui\u00e9tantes\u2026 R\u00eave ou r\u00e9alit\u00e9 ?<\/span><\/span><\/p>\n<p><img decoding=\"async\" loading=\"lazy\" class=\"alignnone wp-image-2880 size-large\" src=\"https:\/\/veroniquelamare.fr\/wp-content\/uploads\/2020\/07\/TOLGA-fix3-644x171.jpg\" alt=\"\" width=\"644\" height=\"171\" srcset=\"https:\/\/veroniquelamare.fr\/wp-content\/uploads\/2020\/07\/TOLGA-fix3-644x171.jpg 644w, https:\/\/veroniquelamare.fr\/wp-content\/uploads\/2020\/07\/TOLGA-fix3-300x80.jpg 300w, https:\/\/veroniquelamare.fr\/wp-content\/uploads\/2020\/07\/TOLGA-fix3-768x204.jpg 768w, https:\/\/veroniquelamare.fr\/wp-content\/uploads\/2020\/07\/TOLGA-fix3.jpg 1014w\" sizes=\"(max-width: 644px) 100vw, 644px\" \/><br \/>\n<span style=\"color: #333333;\"><em>Tolga [le soleil de minuit]<\/em> &#8211; vid\u00e9o &#8211; 2011<\/span><\/p>\n","protected":false},"excerpt":{"rendered":"<p>2011 \u2014\u2014\u2014\u2014\u2014\u2014 TOLGA [le soleil de minuit] Projet artistique r\u00e9alis\u00e9 avec les \u00e9l\u00e8ves d&rsquo;une classe de CE2 dans le cadre du projet \u00ab\u00a0Question de temps\u00a0\u00bb produit par l&rsquo;\u00e9cole d&rsquo;art de Blois-Agglopolys en 2011. Le soleil de minuit d\u00e9signe une p\u00e9riode de l&rsquo;ann\u00e9e durant laquelle le soleil ne se couche pas. Ce ph\u00e9nom\u00e8ne se produit en &hellip; <a href=\"https:\/\/veroniquelamare.fr\/index.php\/lart-aux-enfants\/\" class=\"more-link\">Continuer la lecture de <span class=\"screen-reader-text\">l&rsquo;art aux enfants<\/span><\/a><\/p>\n","protected":false},"author":1,"featured_media":0,"parent":0,"menu_order":21,"comment_status":"closed","ping_status":"closed","template":"","meta":[],"_links":{"self":[{"href":"https:\/\/veroniquelamare.fr\/index.php\/wp-json\/wp\/v2\/pages\/591"}],"collection":[{"href":"https:\/\/veroniquelamare.fr\/index.php\/wp-json\/wp\/v2\/pages"}],"about":[{"href":"https:\/\/veroniquelamare.fr\/index.php\/wp-json\/wp\/v2\/types\/page"}],"author":[{"embeddable":true,"href":"https:\/\/veroniquelamare.fr\/index.php\/wp-json\/wp\/v2\/users\/1"}],"replies":[{"embeddable":true,"href":"https:\/\/veroniquelamare.fr\/index.php\/wp-json\/wp\/v2\/comments?post=591"}],"version-history":[{"count":16,"href":"https:\/\/veroniquelamare.fr\/index.php\/wp-json\/wp\/v2\/pages\/591\/revisions"}],"predecessor-version":[{"id":3619,"href":"https:\/\/veroniquelamare.fr\/index.php\/wp-json\/wp\/v2\/pages\/591\/revisions\/3619"}],"wp:attachment":[{"href":"https:\/\/veroniquelamare.fr\/index.php\/wp-json\/wp\/v2\/media?parent=591"}],"curies":[{"name":"wp","href":"https:\/\/api.w.org\/{rel}","templated":true}]}}