{"id":687,"date":"2016-03-17T11:56:41","date_gmt":"2016-03-17T10:56:41","guid":{"rendered":"http:\/\/veroniquelamare.fr\/?page_id=687"},"modified":"2025-06-09T09:26:14","modified_gmt":"2025-06-09T08:26:14","slug":"dans-le-paysage","status":"publish","type":"page","link":"https:\/\/veroniquelamare.fr\/index.php\/dans-le-paysage\/","title":{"rendered":"dans le paysage"},"content":{"rendered":"<p><span style=\"color: #999999;\">2014<\/span><br \/><span style=\"color: #999999;\">\u2014\u2014\u2014\u2014\u2014\u2014\u2014\u2014<\/span><\/p>\n<p><span style=\"color: #333333;\">Atelier de \u00ab\u00a0mise en pratique artistique\u00a0\u00bb pour une classe de CP\u00a0et une classe de CE1 de l&rsquo;\u00e9cole J.Monnet (St J. d&rsquo;Illac),\u00a0sur le site du Centre de Mer de l&rsquo;ADPE33 \u00e0 Andernos-les-bains.<\/span><\/p>\n<p><span style=\"color: #333333;\">Amener les \u00e9l\u00e8ves \u00e0 la d\u00e9couverte d&rsquo;un site.<\/span><br \/><span style=\"color: #333333;\"> Accompagner leur regard pour les aider \u00e0 d\u00e9finir les diff\u00e9rentes\u00a0composantes du paysage : plans, lignes, pleins, vides\u2026\u00a0Les inviter \u00e0 d\u00e9finir un espace, d\u00e9limiter un cadrage, et s&rsquo;y\u00a0inscrire corporellement.<\/span><br \/><span style=\"color: #333333;\"> Une s\u00e9rie photographique a \u00e9t\u00e9 r\u00e9alis\u00e9e \u00e0 partir de ce temps\u00a0de recherche et d&rsquo;exp\u00e9rimentation.<\/span><\/p>\n<p><img decoding=\"async\" loading=\"lazy\" class=\"alignnone wp-image-693 size-full\" src=\"https:\/\/veroniquelamare.fr\/wp-content\/uploads\/2016\/03\/DansLePaysage02\u00a9.jpg\" alt=\"DansLePaysage02\u00a9\" width=\"400\" height=\"283\" srcset=\"https:\/\/veroniquelamare.fr\/wp-content\/uploads\/2016\/03\/DansLePaysage02\u00a9.jpg 400w, https:\/\/veroniquelamare.fr\/wp-content\/uploads\/2016\/03\/DansLePaysage02\u00a9-300x212.jpg 300w\" sizes=\"(max-width: 400px) 100vw, 400px\" \/><\/p>\n<p><img decoding=\"async\" loading=\"lazy\" class=\"alignnone wp-image-694 size-full\" src=\"https:\/\/veroniquelamare.fr\/wp-content\/uploads\/2016\/03\/DansLePaysage03\u00a9.jpg\" alt=\"DansLePaysage03\u00a9\" width=\"400\" height=\"283\" srcset=\"https:\/\/veroniquelamare.fr\/wp-content\/uploads\/2016\/03\/DansLePaysage03\u00a9.jpg 400w, https:\/\/veroniquelamare.fr\/wp-content\/uploads\/2016\/03\/DansLePaysage03\u00a9-300x212.jpg 300w\" sizes=\"(max-width: 400px) 100vw, 400px\" \/><\/p>\n<p><img decoding=\"async\" loading=\"lazy\" class=\"alignnone wp-image-695 size-full\" src=\"https:\/\/veroniquelamare.fr\/wp-content\/uploads\/2016\/03\/DansLePaysage05\u00a9.jpg\" alt=\"DansLePaysage05\u00a9\" width=\"400\" height=\"283\" srcset=\"https:\/\/veroniquelamare.fr\/wp-content\/uploads\/2016\/03\/DansLePaysage05\u00a9.jpg 400w, https:\/\/veroniquelamare.fr\/wp-content\/uploads\/2016\/03\/DansLePaysage05\u00a9-300x212.jpg 300w\" sizes=\"(max-width: 400px) 100vw, 400px\" \/><\/p>\n\n\n<p><\/p>\n","protected":false},"excerpt":{"rendered":"<p>2014\u2014\u2014\u2014\u2014\u2014\u2014\u2014\u2014 Atelier de \u00ab\u00a0mise en pratique artistique\u00a0\u00bb pour une classe de CP\u00a0et une classe de CE1 de l&rsquo;\u00e9cole J.Monnet (St J. d&rsquo;Illac),\u00a0sur le site du Centre de Mer de l&rsquo;ADPE33 \u00e0 Andernos-les-bains. Amener les \u00e9l\u00e8ves \u00e0 la d\u00e9couverte d&rsquo;un site. Accompagner leur regard pour les aider \u00e0 d\u00e9finir les diff\u00e9rentes\u00a0composantes du paysage : plans, lignes, &hellip; <a href=\"https:\/\/veroniquelamare.fr\/index.php\/dans-le-paysage\/\" class=\"more-link\">Continuer la lecture de <span class=\"screen-reader-text\">dans le paysage<\/span><\/a><\/p>\n","protected":false},"author":1,"featured_media":0,"parent":0,"menu_order":0,"comment_status":"closed","ping_status":"closed","template":"","meta":[],"_links":{"self":[{"href":"https:\/\/veroniquelamare.fr\/index.php\/wp-json\/wp\/v2\/pages\/687"}],"collection":[{"href":"https:\/\/veroniquelamare.fr\/index.php\/wp-json\/wp\/v2\/pages"}],"about":[{"href":"https:\/\/veroniquelamare.fr\/index.php\/wp-json\/wp\/v2\/types\/page"}],"author":[{"embeddable":true,"href":"https:\/\/veroniquelamare.fr\/index.php\/wp-json\/wp\/v2\/users\/1"}],"replies":[{"embeddable":true,"href":"https:\/\/veroniquelamare.fr\/index.php\/wp-json\/wp\/v2\/comments?post=687"}],"version-history":[{"count":10,"href":"https:\/\/veroniquelamare.fr\/index.php\/wp-json\/wp\/v2\/pages\/687\/revisions"}],"predecessor-version":[{"id":3615,"href":"https:\/\/veroniquelamare.fr\/index.php\/wp-json\/wp\/v2\/pages\/687\/revisions\/3615"}],"wp:attachment":[{"href":"https:\/\/veroniquelamare.fr\/index.php\/wp-json\/wp\/v2\/media?parent=687"}],"curies":[{"name":"wp","href":"https:\/\/api.w.org\/{rel}","templated":true}]}}